{"id":1597,"date":"2025-06-28T21:01:14","date_gmt":"2025-06-28T18:01:14","guid":{"rendered":"https:\/\/rosybrown-pigeon-694599.hostingersite.com\/?page_id=1597"},"modified":"2025-06-28T21:10:49","modified_gmt":"2025-06-28T18:10:49","slug":"speedy-service","status":"publish","type":"page","link":"https:\/\/tusmec.com\/index.php\/speedy-service\/","title":{"rendered":"Speedy Service"},"content":{"rendered":"\t\t<div data-elementor-type=\"wp-page\" data-elementor-id=\"1597\" class=\"elementor elementor-1597\">\n\t\t\t\t<div class=\"elementor-element elementor-element-826c5f0 e-flex e-con-boxed e-con e-parent\" data-id=\"826c5f0\" data-element_type=\"container\">\n\t\t\t\t\t<div class=\"e-con-inner\">\n\t\t\t\t<div class=\"elementor-element elementor-element-4553990 elementor-widget elementor-widget-html\" data-id=\"4553990\" data-element_type=\"widget\" data-widget_type=\"html.default\">\n\t\t\t\t<div class=\"elementor-widget-container\">\n\t\t\t\t\t<!-- AOS AN\u0130MASYON K\u00dcT\u00dcPHANES\u0130 -->\r\n<link href=\"https:\/\/unpkg.com\/aos@2.3.1\/dist\/aos.css\" rel=\"stylesheet\" \/>\r\n<script src=\"https:\/\/unpkg.com\/aos@2.3.1\/dist\/aos.js\"><\/script>\r\n<script>AOS.init();<\/script>\r\n\r\n<style>\r\n  .courier-section {\r\n    background-color: #ffffff;\r\n    display: flex;\r\n    flex-direction: row;\r\n    align-items: center;\r\n    padding: 80px 60px;\r\n    gap: 50px;\r\n    flex-wrap: wrap;\r\n  }\r\n\r\n  .courier-section video {\r\n    width: 100%;\r\n    max-width: 400px;\r\n    border-radius: 20px;\r\n    box-shadow: 0 10px 30px rgba(0,0,0,0.1);\r\n    transition: transform 0.4s ease;\r\n  }\r\n\r\n  .courier-section video:hover {\r\n    transform: scale(1.03);\r\n  }\r\n\r\n  .courier-content {\r\n    flex: 1;\r\n    min-width: 300px;\r\n  }\r\n\r\n  .courier-content h2 {\r\n    font-size: 32px;\r\n    margin-bottom: 20px;\r\n    color: #111;\r\n  }\r\n\r\n  .courier-content p {\r\n    font-size: 16px;\r\n    color: #444;\r\n    line-height: 1.7;\r\n    margin-bottom: 30px;\r\n  }\r\n\r\n  .courier-tags {\r\n    display: flex;\r\n    gap: 20px;\r\n    flex-wrap: wrap;\r\n  }\r\n\r\n  .courier-tags span {\r\n    display: flex;\r\n    align-items: center;\r\n    gap: 8px;\r\n    font-size: 15px;\r\n    color: #0554F2;\r\n    background-color: rgba(5, 84, 242, 0.1);\r\n    padding: 8px 16px;\r\n    border-radius: 25px;\r\n    transition: all 0.3s ease;\r\n  }\r\n\r\n  .courier-tags span:hover {\r\n    background-color: #0554F2;\r\n    color: #fff;\r\n    transform: scale(1.05);\r\n  }\r\n\r\n  @media screen and (max-width: 768px) {\r\n    .courier-section {\r\n      flex-direction: column;\r\n      padding: 60px 20px;\r\n    }\r\n\r\n    .courier-content h2 {\r\n      font-size: 24px;\r\n    }\r\n\r\n    .courier-content p {\r\n      font-size: 14px;\r\n    }\r\n\r\n    .courier-tags {\r\n      justify-content: center;\r\n    }\r\n  }\r\n<\/style>\r\n\r\n<section class=\"courier-section\" data-aos=\"fade-up\">\r\n  <video src=\"https:\/\/rosybrown-pigeon-694599.hostingersite.com\/wp-content\/uploads\/2025\/06\/service-crop-1.mp4\" autoplay muted loop playsinline><\/video>\r\n  \r\n  <div class=\"courier-content\">\r\n    <h2>Speedy Service<\/h2>\r\n    <p>\r\n      Her t\u00fcrl\u00fc i\u015f ak\u0131\u015f\u0131na kusursuz bir \u015fekilde entegre olacak \u015fekilde tasarlanan Speedy Service, konuk etkile\u015fiminde ezber bozan bir hizmettir. Ziyaret\u00e7ileri kar\u015f\u0131lamaktan kesintisiz hizmet sa\u011flamaya kadar bu robot, ekibinizin performans\u0131n\u0131 art\u0131r\u0131r ve konuklar \u00fczerinde unutulmaz bir etki b\u0131rak\u0131r.\r\n    <\/p>\r\n    <div class=\"courier-tags\">\r\n      <span>\ud83c\udf7d Restaurant<\/span>\r\n      <span>\ud83c\udfe8 Hotel<\/span>\r\n    <\/div>\r\n  <\/div>\r\n<\/section>\r\n\t\t\t\t<\/div>\n\t\t\t\t<\/div>\n\t\t\t\t\t<\/div>\n\t\t\t\t<\/div>\n\t\t<div class=\"elementor-element elementor-element-12315c3 e-flex e-con-boxed e-con e-parent\" data-id=\"12315c3\" data-element_type=\"container\">\n\t\t\t\t\t<div class=\"e-con-inner\">\n\t\t\t\t<div class=\"elementor-element elementor-element-7302e00 elementor-widget elementor-widget-html\" data-id=\"7302e00\" data-element_type=\"widget\" data-widget_type=\"html.default\">\n\t\t\t\t<div class=\"elementor-widget-container\">\n\t\t\t\t\t<div style=\"width: 100%; height: 500px; position: relative; overflow: hidden; border-radius: 20px;\">\r\n  <video autoplay muted loop playsinline style=\"width: 100%; height: 100%; object-fit: cover;\">\r\n    <source src=\"https:\/\/rosybrown-pigeon-694599.hostingersite.com\/wp-content\/uploads\/2025\/06\/5-speedy-service-compress.mp4\" type=\"video\/mp4\">\r\n    Taray\u0131c\u0131n\u0131z video etiketini desteklemiyor.\r\n  <\/video>\r\n<\/div>\r\n\t\t\t\t<\/div>\n\t\t\t\t<\/div>\n\t\t\t\t\t<\/div>\n\t\t\t\t<\/div>\n\t\t<div class=\"elementor-element elementor-element-fb8edfc e-flex e-con-boxed e-con e-parent\" data-id=\"fb8edfc\" data-element_type=\"container\">\n\t\t\t\t\t<div class=\"e-con-inner\">\n\t\t\t\t<div class=\"elementor-element elementor-element-1060959 elementor-widget elementor-widget-html\" data-id=\"1060959\" data-element_type=\"widget\" data-widget_type=\"html.default\">\n\t\t\t\t<div class=\"elementor-widget-container\">\n\t\t\t\t\t<section style=\"display: flex; align-items: center; justify-content: center; gap: 50px; background-color: #fff; padding: 60px 40px; flex-wrap: wrap;\">\r\n  <div style=\"flex: 1; min-width: 300px; max-width: 600px;\">\r\n    <p style=\"color: #00aaff; font-weight: bold; margin-bottom: 10px; font-family: Arial, sans-serif;\">Sevis<\/p>\r\n    <h2 style=\"font-size: 28px; font-weight: 700; margin-bottom: 20px; font-family: Arial, sans-serif;\">Verimlili\u011finizi Art\u0131racak G\u00fcvenilir \u0130\u015f Arkada\u015f\u0131n\u0131z<\/h2>\r\n    <p style=\"font-size: 16px; line-height: 1.6; color: #333; font-family: Arial, sans-serif;\">\r\n      Speedy Service, operasyon verimlili\u011finizi en \u00fcst d\u00fczeye \u00e7\u0131karmak i\u00e7in \u00f6zel olarak geli\u015ftirildi. Otonom navigasyon ve geli\u015fmi\u015f sens\u00f6r teknolojisiyle donat\u0131lm\u0131\u015f robotlar\u0131m\u0131z, tekrarlayan ve zaman alan g\u00f6revleri \u00fcstlenerek i\u015fletmenizdeki en g\u00fcvenilir i\u015f arkada\u015flar\u0131n\u0131zdan biri olacak. B\u00f6ylece \u00e7al\u0131\u015fanlar\u0131n\u0131z daha stratejik i\u015flere odaklanabilir ve misafirlerinize memnuniyet verici bir deneyim sunabilirsiniz.\r\n    <\/p>\r\n  <\/div>\r\n\r\n  <div style=\"flex: 1; min-width: 300px; max-width: 500px;\">\r\n    <video autoplay muted loop playsinline style=\"width: 100%; height: auto; border-radius: 12px;\">\r\n      <source src=\"https:\/\/rosybrown-pigeon-694599.hostingersite.com\/wp-content\/uploads\/2025\/06\/operasyonel_verimlilik-resize.mp4\" type=\"video\/mp4\">\r\n      Taray\u0131c\u0131n\u0131z video etiketini desteklemiyor.\r\n    <\/video>\r\n  <\/div>\r\n<\/section>\r\n\t\t\t\t<\/div>\n\t\t\t\t<\/div>\n\t\t\t\t\t<\/div>\n\t\t\t\t<\/div>\n\t\t<div class=\"elementor-element elementor-element-6693b98 e-flex e-con-boxed e-con e-parent\" data-id=\"6693b98\" data-element_type=\"container\">\n\t\t\t\t\t<div class=\"e-con-inner\">\n\t\t\t\t<div class=\"elementor-element elementor-element-e749b46 elementor-widget elementor-widget-html\" data-id=\"e749b46\" data-element_type=\"widget\" data-widget_type=\"html.default\">\n\t\t\t\t<div class=\"elementor-widget-container\">\n\t\t\t\t\t<section style=\"display: flex; flex-wrap: wrap; align-items: center; justify-content: center; padding: 70px 40px; font-family: Arial, sans-serif; background-color: #ffffff;\">\r\n  <div style=\"flex: 1 1 450px; max-width: 500px; text-align: center;\">\r\n    <img decoding=\"async\" src=\"https:\/\/rosybrown-pigeon-694599.hostingersite.com\/wp-content\/uploads\/2025\/06\/img.webp\" alt=\"QR Men\u00fc ve POS Robot\" style=\"width: 100%; max-width: 420px; border-radius: 12px;\">\r\n  <\/div>\r\n\r\n  <div style=\"flex: 1 1 500px; padding: 20px 40px; max-width: 600px;\">\r\n    <h4 style=\"color: #00b0f0; font-weight: 600; font-size: 14px; letter-spacing: 1px; margin-bottom: 10px;\">SERVICE<\/h4>\r\n    <h2 style=\"font-size: 28px; color: #000; margin-bottom: 20px;\">\r\n      Etkile\u015fimli QR Men\u00fcler ve POS Entegrasyonu ile H\u0131zl\u0131 ve Kolay Sipari\u015f\r\n    <\/h2>\r\n    <p style=\"font-size: 16px; color: #333; line-height: 1.7; margin-bottom: 20px;\">\r\n      Misafirleriniz masalarda bulunan QR kodlar\u0131n\u0131 okutarak men\u00fcye eri\u015fim sa\u011flar ve sipari\u015flerini kolayl\u0131kla olu\u015fturabilir.\r\n    <\/p>\r\n    <p style=\"font-size: 16px; color: #333; line-height: 1.7;\">\r\n      Yemeklerini bitirdiklerinde ise, h\u0131zl\u0131 servis robotlar\u0131m\u0131z\u0131n \u00fczerindeki POS entegrasyonlar\u0131 sayesinde \u00f6demelerini zahmetsizce yapar.\r\n      Bu sayede, misafirleriniz h\u0131zl\u0131 ve sorunsuz bir deneyim ya\u015farken siz de operasyonel verimlili\u011finizi art\u0131r\u0131rs\u0131n\u0131z.\r\n    <\/p>\r\n  <\/div>\r\n<\/section>\r\n\t\t\t\t<\/div>\n\t\t\t\t<\/div>\n\t\t\t\t\t<\/div>\n\t\t\t\t<\/div>\n\t\t<div class=\"elementor-element elementor-element-178a844 e-flex e-con-boxed e-con e-parent\" data-id=\"178a844\" data-element_type=\"container\">\n\t\t\t\t\t<div class=\"e-con-inner\">\n\t\t\t\t<div class=\"elementor-element elementor-element-f60755a elementor-widget elementor-widget-html\" data-id=\"f60755a\" data-element_type=\"widget\" data-widget_type=\"html.default\">\n\t\t\t\t<div class=\"elementor-widget-container\">\n\t\t\t\t\t<section style=\"background-color: #f8f9fa; padding: 70px 40px; text-align: center; font-family: Arial, sans-serif;\">\r\n  <h2 style=\"font-size: 30px; font-weight: bold; color: #000;\">\u00d6zel G\u00fcn Kutlama Modlar\u0131yla<\/h2>\r\n  <h3 style=\"font-size: 22px; margin-top: 5px; margin-bottom: 25px; color: #000;\">\r\n    Misafirlerinize Benzersiz Bir Deneyim Ya\u015fat\u0131n\r\n  <\/h3>\r\n\r\n  <p style=\"max-width: 750px; margin: 0 auto 40px; font-size: 16px; color: #333; line-height: 1.7;\">\r\n    \u00d6zel g\u00fcnlerde m\u00fc\u015fterilerinizin sevdiklerine s\u00fcrpriz yapabilmesi i\u00e7in robotlar\u0131m\u0131z, ki\u015fiye \u00f6zel modda isimleriyle seslenebilir ve do\u011fum g\u00fcn\u00fc modunda kutlamalar yapabilir. Bu \u00f6zellik sayesinde misafirlerinize e\u015fsiz anlar ya\u015fatarak i\u015fletmenizin fark\u0131n\u0131 ortaya koyabilirsiniz.\r\n  <\/p>\r\n\r\n  <div style=\"max-width: 900px; margin: 0 auto;\">\r\n    <video autoplay muted loop playsinline style=\"width: 100%; border-radius: 12px;\">\r\n      <source src=\"https:\/\/rosybrown-pigeon-694599.hostingersite.com\/wp-content\/uploads\/2025\/06\/celebration-modes-compress.mp4\" type=\"video\/mp4\">\r\n      Taray\u0131c\u0131n\u0131z video etiketini desteklemiyor.\r\n    <\/video>\r\n  <\/div>\r\n<\/section>\r\n\t\t\t\t<\/div>\n\t\t\t\t<\/div>\n\t\t\t\t\t<\/div>\n\t\t\t\t<\/div>\n\t\t<div class=\"elementor-element elementor-element-0d99134 e-flex e-con-boxed e-con e-parent\" data-id=\"0d99134\" data-element_type=\"container\">\n\t\t\t\t\t<div class=\"e-con-inner\">\n\t\t\t\t<div class=\"elementor-element elementor-element-7a4bf65 elementor-widget elementor-widget-html\" data-id=\"7a4bf65\" data-element_type=\"widget\" data-widget_type=\"html.default\">\n\t\t\t\t<div class=\"elementor-widget-container\">\n\t\t\t\t\t<style>\r\n  .specs-section {\r\n    font-family: 'Segoe UI', sans-serif;\r\n    color: #fff;\r\n    background-color: transparent;\r\n    padding: 40px 20px;\r\n  }\r\n\r\n  .specs-title {\r\n    text-align: center;\r\n    font-size: 26px;\r\n    font-weight: bold;\r\n    color: #0554F2;\r\n    margin-bottom: 30px;\r\n  }\r\n\r\n  .specs-grid {\r\n    display: grid;\r\n    grid-template-columns: repeat(auto-fit, minmax(260px, 1fr));\r\n    gap: 20px;\r\n  }\r\n\r\n  .spec-card {\r\n    background-color: #1a1a1a;\r\n    border-left: 4px solid #0554F2;\r\n    border-radius: 12px;\r\n    padding: 20px;\r\n    box-shadow: 0 0 12px rgba(5, 84, 242, 0.15);\r\n    transition: all 0.3s ease;\r\n  }\r\n\r\n  .spec-card:hover {\r\n    transform: translateY(-6px);\r\n    box-shadow: 0 0 18px rgba(5, 84, 242, 0.6);\r\n  }\r\n\r\n  .spec-key {\r\n    font-size: 14px;\r\n    font-weight: 600;\r\n    color: #bbbbbb;\r\n    margin-bottom: 4px;\r\n  }\r\n\r\n  .spec-value {\r\n    font-size: 18px;\r\n    font-weight: 500;\r\n    color: #ffffff;\r\n  }\r\n\r\n  @media screen and (max-width: 480px) {\r\n    .specs-title {\r\n      font-size: 22px;\r\n    }\r\n\r\n    .spec-value {\r\n      font-size: 16px;\r\n    }\r\n  }\r\n<\/style>\r\n\r\n<section class=\"specs-section\">\r\n  <div class=\"specs-title\">\u00dcr\u00fcn \u00d6zellikleri<\/div>\r\n  <div class=\"specs-grid\">\r\n    <div class=\"spec-card\">\r\n      <div class=\"spec-key\">\u00dcr\u00fcn Boyutu<\/div>\r\n      <div class=\"spec-value\">520 \u00d7 537 \u00d7 1310 mm<\/div>\r\n    <\/div>\r\n    <div class=\"spec-card\">\r\n      <div class=\"spec-key\">\u00dcr\u00fcn A\u011f\u0131rl\u0131\u011f\u0131<\/div>\r\n      <div class=\"spec-value\">59 kg<\/div>\r\n    <\/div>\r\n    <div class=\"spec-card\">\r\n      <div class=\"spec-key\">Y\u00fck Kapasitesi<\/div>\r\n      <div class=\"spec-value\">32 kg<\/div>\r\n    <\/div>\r\n    <div class=\"spec-card\">\r\n      <div class=\"spec-key\">Seyir H\u0131z\u0131<\/div>\r\n      <div class=\"spec-value\">0.6 - 1.2 m\/s<\/div>\r\n    <\/div>\r\n    <div class=\"spec-card\">\r\n      <div class=\"spec-key\">T\u0131rmanma A\u00e7\u0131s\u0131<\/div>\r\n      <div class=\"spec-value\">5\u00b0<\/div>\r\n    <\/div>\r\n    <div class=\"spec-card\">\r\n      <div class=\"spec-key\">Pil Kapasitesi<\/div>\r\n      <div class=\"spec-value\">30 Ah<\/div>\r\n    <\/div>\r\n    <div class=\"spec-card\">\r\n      <div class=\"spec-key\">Dayan\u0131kl\u0131l\u0131k S\u00fcresi<\/div>\r\n      <div class=\"spec-value\">8H - 12H<\/div>\r\n    <\/div>\r\n    <div class=\"spec-card\">\r\n      <div class=\"spec-key\">\u015earj S\u00fcresi<\/div>\r\n      <div class=\"spec-value\">2H 18m<\/div>\r\n    <\/div>\r\n    <div class=\"spec-card\">\r\n      <div class=\"spec-key\">Bekleme Ak\u0131m\u0131<\/div>\r\n      <div class=\"spec-value\">100 mA<\/div>\r\n    <\/div>\r\n    <div class=\"spec-card\">\r\n      <div class=\"spec-key\">Ek \u00d6zellikler<\/div>\r\n      <div class=\"spec-value\">\u00d6zelle\u015ftirilebilir tepsiler<\/div>\r\n    <\/div>\r\n  <\/div>\r\n<\/section>\r\n\t\t\t\t<\/div>\n\t\t\t\t<\/div>\n\t\t\t\t\t<\/div>\n\t\t\t\t<\/div>\n\t\t\t\t<\/div>\n\t\t","protected":false},"excerpt":{"rendered":"<p>Speedy Service Her t\u00fcrl\u00fc i\u015f ak\u0131\u015f\u0131na kusursuz bir \u015fekilde entegre olacak \u015fekilde tasarlanan Speedy Service, konuk etkile\u015fiminde ezber bozan bir hizmettir. Ziyaret\u00e7ileri kar\u015f\u0131lamaktan kesintisiz hizmet sa\u011flamaya kadar bu robot, ekibinizin performans\u0131n\u0131 art\u0131r\u0131r ve konuklar \u00fczerinde unutulmaz bir etki b\u0131rak\u0131r. \ud83c\udf7d Restaurant \ud83c\udfe8 Hotel Taray\u0131c\u0131n\u0131z video etiketini desteklemiyor. Sevis Verimlili\u011finizi Art\u0131racak G\u00fcvenilir \u0130\u015f Arkada\u015f\u0131n\u0131z Speedy Service, [&hellip;]<\/p>\n","protected":false},"author":1,"featured_media":0,"parent":0,"menu_order":0,"comment_status":"closed","ping_status":"closed","template":"page-template\/blank-page-sidebar.php","meta":{"footnotes":""},"class_list":["post-1597","page","type-page","status-publish","hentry"],"_links":{"self":[{"href":"https:\/\/tusmec.com\/index.php\/wp-json\/wp\/v2\/pages\/1597","targetHints":{"allow":["GET"]}}],"collection":[{"href":"https:\/\/tusmec.com\/index.php\/wp-json\/wp\/v2\/pages"}],"about":[{"href":"https:\/\/tusmec.com\/index.php\/wp-json\/wp\/v2\/types\/page"}],"author":[{"embeddable":true,"href":"https:\/\/tusmec.com\/index.php\/wp-json\/wp\/v2\/users\/1"}],"replies":[{"embeddable":true,"href":"https:\/\/tusmec.com\/index.php\/wp-json\/wp\/v2\/comments?post=1597"}],"version-history":[{"count":7,"href":"https:\/\/tusmec.com\/index.php\/wp-json\/wp\/v2\/pages\/1597\/revisions"}],"predecessor-version":[{"id":1608,"href":"https:\/\/tusmec.com\/index.php\/wp-json\/wp\/v2\/pages\/1597\/revisions\/1608"}],"wp:attachment":[{"href":"https:\/\/tusmec.com\/index.php\/wp-json\/wp\/v2\/media?parent=1597"}],"curies":[{"name":"wp","href":"https:\/\/api.w.org\/{rel}","templated":true}]}}