{"id":543,"date":"2023-01-05T07:47:23","date_gmt":"2023-01-05T07:47:23","guid":{"rendered":"https:\/\/ifingerstudio.com\/spondtech\/?page_id=543"},"modified":"2025-06-28T12:19:45","modified_gmt":"2025-06-28T09:19:45","slug":"why-choose-us","status":"publish","type":"page","link":"https:\/\/tusmec.com\/index.php\/why-choose-us\/","title":{"rendered":"Why Choose Us"},"content":{"rendered":"\t\t<div data-elementor-type=\"wp-page\" data-elementor-id=\"543\" class=\"elementor elementor-543\">\n\t\t\t\t\t\t<section class=\"elementor-section elementor-top-section elementor-element elementor-element-c5cf833 elementor-section-boxed elementor-section-height-default elementor-section-height-default\" data-id=\"c5cf833\" data-element_type=\"section\">\n\t\t\t\t\t\t<div class=\"elementor-container elementor-column-gap-default\">\n\t\t\t\t\t<div class=\"elementor-column elementor-col-100 elementor-top-column elementor-element elementor-element-ff9bcba\" data-id=\"ff9bcba\" data-element_type=\"column\">\n\t\t\t<div class=\"elementor-widget-wrap elementor-element-populated\">\n\t\t\t\t\t\t<section class=\"elementor-section elementor-inner-section elementor-element elementor-element-78b5c08 elementor-section-boxed elementor-section-height-default elementor-section-height-default\" data-id=\"78b5c08\" data-element_type=\"section\">\n\t\t\t\t\t\t<div class=\"elementor-container elementor-column-gap-default\">\n\t\t\t\t\t<div class=\"elementor-column elementor-col-33 elementor-inner-column elementor-element elementor-element-dfa120b\" data-id=\"dfa120b\" data-element_type=\"column\">\n\t\t\t<div class=\"elementor-widget-wrap\">\n\t\t\t\t\t\t\t<\/div>\n\t\t<\/div>\n\t\t\t\t<div class=\"elementor-column elementor-col-33 elementor-inner-column elementor-element elementor-element-cbd208d\" data-id=\"cbd208d\" data-element_type=\"column\">\n\t\t\t<div class=\"elementor-widget-wrap elementor-element-populated\">\n\t\t\t\t\t\t<div class=\"elementor-element elementor-element-70c828c elementor-widget elementor-widget-section-head-two\" data-id=\"70c828c\" data-element_type=\"widget\" data-widget_type=\"section-head-two.default\">\n\t\t\t\t<div class=\"elementor-widget-container\">\n\t\t\t\t\t\n\t\t\t\t\t<div class=\"text-center section-title tg-heading-subheading animation-style2\">\n\t\t\t\t\t\t            <h6 class=\"sub-title tg-element-title\">\n\t\t            \tWhy Choose Us\t\t            <\/h6>\n\t            \t            \t\t            <h2 class=\"title tg-element-title\"> 19,000+ of the world\u2019s most successful companies with trust <\/h2>\n\t            \t        <\/div>\n\t\t\t\t\t\t\t\t<\/div>\n\t\t\t\t<\/div>\n\t\t\t\t\t<\/div>\n\t\t<\/div>\n\t\t\t\t<div class=\"elementor-column elementor-col-33 elementor-inner-column elementor-element elementor-element-34b3691\" data-id=\"34b3691\" data-element_type=\"column\">\n\t\t\t<div class=\"elementor-widget-wrap\">\n\t\t\t\t\t\t\t<\/div>\n\t\t<\/div>\n\t\t\t\t\t<\/div>\n\t\t<\/section>\n\t\t\t\t<section class=\"elementor-section elementor-inner-section elementor-element elementor-element-ebe2a95 elementor-section-boxed elementor-section-height-default elementor-section-height-default\" data-id=\"ebe2a95\" data-element_type=\"section\">\n\t\t\t\t\t\t<div class=\"elementor-container elementor-column-gap-default\">\n\t\t\t\t\t<div class=\"elementor-column elementor-col-100 elementor-inner-column elementor-element elementor-element-f9cd904\" data-id=\"f9cd904\" data-element_type=\"column\">\n\t\t\t<div class=\"elementor-widget-wrap elementor-element-populated\">\n\t\t\t\t\t\t<div class=\"elementor-element elementor-element-e460b9e elementor-widget elementor-widget-working-steps\" data-id=\"e460b9e\" data-element_type=\"widget\" data-widget_type=\"working-steps.default\">\n\t\t\t\t<div class=\"elementor-widget-container\">\n\t\t\t\t\t\t\t\t\t\t\t\t\t\t\t        <div class=\"choose-items-wrapper-three\">\r\n\t\t\t\t        <div class=\"row\">\r\n\t\t\t\t        \t\t\t\t\t                <div class=\"col-lg-4 col-md-6\">\r\n\t                                <div class=\"choose-item-two  wow fadeInUp\" data-wow-delay=\"0.2s\" style=\"background-image:url(https:\/\/ifingerstudio.com\/spondtech\/wp-content\/uploads\/2023\/01\/choose_img01.jpg)\">\r\n\t                                    <div class=\"choose-icon-two\">\r\n\t                                        <i class=\"ficon flaticon-technical-support\"><\/i>\r\n\t                                    <\/div>\r\n\t                                    <div class=\"choose-content-two\">\r\n\t                                        <h3 class=\"title\">\r\n\t\t\t\t                            \t\t\t\t\t                            \t\t<a href=\"#\">Onsite Optimization<\/a>\r\n\t\t\t\t                            \t\t\t\t\t                            <\/h3>\r\n\t                                        <p>There are many variations of passages of Lorem Ipsum available the majority have suffered that alteration.<\/p>\r\n\t                                    <\/div>\r\n\t                                    <h3 class=\"number\">01<\/h3>\r\n\t                                <\/div>\r\n\t\t\t\t                <\/div>\r\n\t\t\t\t            \t\t\t\t                <div class=\"col-lg-4 col-md-6\">\r\n\t                                <div class=\"choose-item-two active wow fadeInUp\" data-wow-delay=\"0.4s\" style=\"background-image:url(https:\/\/ifingerstudio.com\/spondtech\/wp-content\/uploads\/2023\/01\/choose_img01.jpg)\">\r\n\t                                    <div class=\"choose-icon-two\">\r\n\t                                        <i class=\"ficon flaticon-keyword-research\"><\/i>\r\n\t                                    <\/div>\r\n\t                                    <div class=\"choose-content-two\">\r\n\t                                        <h3 class=\"title\">\r\n\t\t\t\t                            \t\t\t\t\t                            \t\t<a href=\"#\">Keyword Research<\/a>\r\n\t\t\t\t                            \t\t\t\t\t                            <\/h3>\r\n\t                                        <p>There are many variations of passages of Lorem Ipsum available the majority have suffered that alteration.<\/p>\r\n\t                                    <\/div>\r\n\t                                    <h3 class=\"number\">02<\/h3>\r\n\t                                <\/div>\r\n\t\t\t\t                <\/div>\r\n\t\t\t\t            \t\t\t\t                <div class=\"col-lg-4 col-md-6\">\r\n\t                                <div class=\"choose-item-two  wow fadeInUp\" data-wow-delay=\"0.6s\" style=\"background-image:url(https:\/\/ifingerstudio.com\/spondtech\/wp-content\/uploads\/2023\/01\/choose_img01.jpg)\">\r\n\t                                    <div class=\"choose-icon-two\">\r\n\t                                        <i class=\"ficon flaticon-link\"><\/i>\r\n\t                                    <\/div>\r\n\t                                    <div class=\"choose-content-two\">\r\n\t                                        <h3 class=\"title\">\r\n\t\t\t\t                            \t\t\t\t\t                            \t\t<a href=\"#\">Link Building<\/a>\r\n\t\t\t\t                            \t\t\t\t\t                            <\/h3>\r\n\t                                        <p>There are many variations of passages of Lorem Ipsum available the majority have suffered that alteration.<\/p>\r\n\t                                    <\/div>\r\n\t                                    <h3 class=\"number\">03<\/h3>\r\n\t                                <\/div>\r\n\t\t\t\t                <\/div>\r\n\t\t\t\t            \t\t\t\t        <\/div>\r\n\t\t\t        <\/div>\r\n\t\t        \t        \t\t\t\t\t\t<\/div>\n\t\t\t\t<\/div>\n\t\t\t\t\t<\/div>\n\t\t<\/div>\n\t\t\t\t\t<\/div>\n\t\t<\/section>\n\t\t\t\t\t<\/div>\n\t\t<\/div>\n\t\t\t\t\t<\/div>\n\t\t<\/section>\n\t\t\t\t<section class=\"elementor-section elementor-top-section elementor-element elementor-element-dc6f4ce elementor-section-full_width elementor-section-height-default elementor-section-height-default\" data-id=\"dc6f4ce\" data-element_type=\"section\">\n\t\t\t\t\t\t<div class=\"elementor-container elementor-column-gap-default\">\n\t\t\t\t\t<div class=\"elementor-column elementor-col-100 elementor-top-column elementor-element elementor-element-ef393c3\" data-id=\"ef393c3\" data-element_type=\"column\">\n\t\t\t<div class=\"elementor-widget-wrap elementor-element-populated\">\n\t\t\t\t\t\t<div class=\"elementor-element elementor-element-05638f8 elementor-widget elementor-widget-video-area-section\" data-id=\"05638f8\" data-element_type=\"widget\" data-widget_type=\"video-area-section.default\">\n\t\t\t\t<div class=\"elementor-widget-container\">\n\t\t\t\t\t            <section class=\"skill-area\">\r\n                <div class=\"video-bg\" style=\"background-image:url(https:\/\/ifingerstudio.com\/spondtech\/wp-content\/uploads\/2023\/03\/video_bg_01.jpg)\">\r\n                    <a href=\"https:\/\/www.youtube.com\/watch?v=XHOmBV4js_E\" class=\"play-btn popup-video pulse\"><i class=\"fas fa-play\"><\/i><\/a>\r\n                <\/div>\r\n                <div class=\"container custom-container-four\">\r\n                    <div class=\"row justify-content-end\">\r\n                        <div class=\"col-xl-5 col-lg-6\">\r\n                            <div class=\"skill-content\">\r\n                                <div class=\"section-title title-style-four mb-20 tg-heading-subheading animation-style2\">\r\n                                    <span class=\"sub-title tg-element-title\">Our Skill<\/span>\r\n                                    <h2 class=\"title tg-element-title\">Make Beauty Things With Passion<\/h2>\r\n                                <\/div>\r\n                                <p>Grursus mal suada faci lisis Lorem ipsum dolarorit ametion consectetur elit. a Vesti at bulum nec odio aea the dumm the ipsumm ipsum that dolocons rsus mal suada and the fadolorit the consectetur elit. Grursus mal lisis Lorem the ipsum dolarorit ametion ipsumm ipsum that dolocons rsus mal suada and fadolorit consectetur elit.<\/p>\r\n                                                                \t<div class=\"progress-wrap\">\r\n                                \t\t\t                                    <div class=\"progress-item\">\r\n\t                                        <h5 class=\"title\">Development<\/h5>\r\n\t                                        <div class=\"progress\">\r\n\t                                            <div class=\"progress-bar\" role=\"progressbar\" style=\"width: 88%;\" aria-valuenow=\"88\"\r\n\t                                                aria-valuemin=\"0\" aria-valuemax=\"100\"><span>88%<\/span><\/div>\r\n\t                                        <\/div>\r\n\t                                    <\/div>\r\n                                \t\t\t                                    <div class=\"progress-item\">\r\n\t                                        <h5 class=\"title\">Design<\/h5>\r\n\t                                        <div class=\"progress\">\r\n\t                                            <div class=\"progress-bar\" role=\"progressbar\" style=\"width: 94%;\" aria-valuenow=\"94\"\r\n\t                                                aria-valuemin=\"0\" aria-valuemax=\"100\"><span>94%<\/span><\/div>\r\n\t                                        <\/div>\r\n\t                                    <\/div>\r\n                                \t\t\t                                    <div class=\"progress-item\">\r\n\t                                        <h5 class=\"title\">Digital Marketing<\/h5>\r\n\t                                        <div class=\"progress\">\r\n\t                                            <div class=\"progress-bar\" role=\"progressbar\" style=\"width: 75%;\" aria-valuenow=\"75\"\r\n\t                                                aria-valuemin=\"0\" aria-valuemax=\"100\"><span>75%<\/span><\/div>\r\n\t                                        <\/div>\r\n\t                                    <\/div>\r\n                                \t\t                                \t<\/div>\r\n                                                            <\/div>\r\n                        <\/div>\r\n                    <\/div>\r\n                <\/div>\r\n            <\/section>\r\n\t\t\t\t\t\t<\/div>\n\t\t\t\t<\/div>\n\t\t\t\t\t<\/div>\n\t\t<\/div>\n\t\t\t\t\t<\/div>\n\t\t<\/section>\n\t\t\t\t<section class=\"elementor-section elementor-top-section elementor-element elementor-element-8362d4e elementor-section-boxed elementor-section-height-default elementor-section-height-default\" data-id=\"8362d4e\" data-element_type=\"section\">\n\t\t\t\t\t\t<div class=\"elementor-container elementor-column-gap-default\">\n\t\t\t\t\t<div class=\"elementor-column elementor-col-100 elementor-top-column elementor-element elementor-element-201a223\" data-id=\"201a223\" data-element_type=\"column\">\n\t\t\t<div class=\"elementor-widget-wrap elementor-element-populated\">\n\t\t\t\t\t\t<section class=\"elementor-section elementor-inner-section elementor-element elementor-element-0ce95f5 elementor-section-boxed elementor-section-height-default elementor-section-height-default\" data-id=\"0ce95f5\" data-element_type=\"section\">\n\t\t\t\t\t\t<div class=\"elementor-container elementor-column-gap-default\">\n\t\t\t\t\t<div class=\"elementor-column elementor-col-33 elementor-inner-column elementor-element elementor-element-1bf5aa6\" data-id=\"1bf5aa6\" data-element_type=\"column\">\n\t\t\t<div class=\"elementor-widget-wrap\">\n\t\t\t\t\t\t\t<\/div>\n\t\t<\/div>\n\t\t\t\t<div class=\"elementor-column elementor-col-33 elementor-inner-column elementor-element elementor-element-7dd65cd\" data-id=\"7dd65cd\" data-element_type=\"column\">\n\t\t\t<div class=\"elementor-widget-wrap elementor-element-populated\">\n\t\t\t\t\t\t<div class=\"elementor-element elementor-element-58b7c07 elementor-widget elementor-widget-section-head-two\" data-id=\"58b7c07\" data-element_type=\"widget\" data-widget_type=\"section-head-two.default\">\n\t\t\t\t<div class=\"elementor-widget-container\">\n\t\t\t\t\t\n\t\t\t\t\t<div class=\"text-center section-title tg-heading-subheading animation-style2\">\n\t\t\t\t\t\t            <h6 class=\"sub-title tg-element-title\">\n\t\t            \tTestimonials\t\t            <\/h6>\n\t            \t            \t\t            <h2 class=\"title tg-element-title\"> Loved by Thousands of Creators and Brands <\/h2>\n\t            \t        <\/div>\n\t\t\t\t\t\t\t\t<\/div>\n\t\t\t\t<\/div>\n\t\t\t\t\t<\/div>\n\t\t<\/div>\n\t\t\t\t<div class=\"elementor-column elementor-col-33 elementor-inner-column elementor-element elementor-element-3d60923\" data-id=\"3d60923\" data-element_type=\"column\">\n\t\t\t<div class=\"elementor-widget-wrap\">\n\t\t\t\t\t\t\t<\/div>\n\t\t<\/div>\n\t\t\t\t\t<\/div>\n\t\t<\/section>\n\t\t\t\t<section class=\"elementor-section elementor-inner-section elementor-element elementor-element-d147016 elementor-section-boxed elementor-section-height-default elementor-section-height-default\" data-id=\"d147016\" data-element_type=\"section\">\n\t\t\t\t\t\t<div class=\"elementor-container elementor-column-gap-default\">\n\t\t\t\t\t<div class=\"elementor-column elementor-col-100 elementor-inner-column elementor-element elementor-element-6a9e270\" data-id=\"6a9e270\" data-element_type=\"column\">\n\t\t\t<div class=\"elementor-widget-wrap elementor-element-populated\">\n\t\t\t\t\t\t<div class=\"elementor-element elementor-element-9d43683 elementor-widget elementor-widget-section-testimonial\" data-id=\"9d43683\" data-element_type=\"widget\" data-widget_type=\"section-testimonial.default\">\n\t\t\t\t<div class=\"elementor-widget-container\">\n\t\t\t\t\t\t\t\t\t<section class=\"testimonial-item-wrap\">\n\t\t            <div class=\"container\">\n\t\t                <div class=\"row\">\n\t\t                \t\t\t\t                \t<div class=\"col-lg-6\">\n\t\t\t                        <div class=\"testimonial-item-three\">\n\t\t\t                        \t<div class=\"testi-avatar-thumb\">\n\t\t\t                        \t\t\t\t\t                        \t\t<div class=\"icon\"><i class=\"flaticon-left-quote\"><\/i><\/div>\n\t\t\t                        \t<\/div>\n\t\t\t                        \t<div class=\"testimonial-content-three\">\n\t\t\t\t\t\t\t\t\t\t\t\t\t\t\t\t\t\t\t\t\t\t\t<h4 class=\"title\">Tar\u0131msal Teknoloji Geli\u015ftirme Direkt\u00f6r\u00fc<\/h4>\n\t\t\t\t\t\t\t\t\t\t\t\t\t\t\t\t\t\t\t\t\t\t\t\t\t\t\t\t\t\t\t\t\t\t<span>Beta Elektronik<\/span>\n\t\t\t\t\t\t\t\t\t\t\t\t\t\t\t\t\t\t\t\t\t\t<p><p>Yapay zek\u00e2 ve otomasyon konusunda bu kadar ileri d\u00fczey \u00e7\u00f6z\u00fcmlerle kar\u015f\u0131la\u015faca\u011f\u0131m\u0131 beklemiyordum. Ger\u00e7ekten sahada fark yaratt\u0131lar.<\/p>\n<\/p>\n\t\t\t\t\t\t\t               \t\t\t\t\t\t\t\t\t                <div class=\"rating\">\n\t\t\t\t\t\t\t\t                  \t<i class=\"fas fa-star\"><\/i><i class=\"fas fa-star\"><\/i><i class=\"fas fa-star\"><\/i><i class=\"fas fa-star\"><\/i><i class=\"fas fa-star\"><\/i>\t\t\t\t\t\t\t\t                <\/div>\n\t\t\t\t\t\t\t               \t\t\t\t                        \t<\/div>\n\t\t\t                        <\/div>\n\t\t\t                    <\/div>\n\t\t                    \t\t\t                \t<div class=\"col-lg-6\">\n\t\t\t                        <div class=\"testimonial-item-three\">\n\t\t\t                        \t<div class=\"testi-avatar-thumb\">\n\t\t\t                        \t\t\t\t\t                        \t\t<div class=\"icon\"><i class=\"flaticon-left-quote\"><\/i><\/div>\n\t\t\t                        \t<\/div>\n\t\t\t                        \t<div class=\"testimonial-content-three\">\n\t\t\t\t\t\t\t\t\t\t\t\t\t\t\t\t\t\t\t\t\t\t\t<h4 class=\"title\">Lojistik M\u00fcd\u00fcr\u00fc<\/h4>\n\t\t\t\t\t\t\t\t\t\t\t\t\t\t\t\t\t\t\t\t\t\t\t\t\t\t\t\t\t\t\t\t\t\t<span>Aras Da\u011f\u0131t\u0131m A.\u015e.<\/span>\n\t\t\t\t\t\t\t\t\t\t\t\t\t\t\t\t\t\t\t\t\t\t<p><p>Sistem entegrasyonu konusunda beklentimizin \u00e7ok \u00fczerinde bir sonu\u00e7 ald\u0131k. T\u00fcm s\u00fcre\u00e7 \u015feffaf, h\u0131zl\u0131 ve profesyonelce y\u00f6netildi.<\/p>\n<\/p>\n\t\t\t\t\t\t\t               \t\t\t\t\t\t\t\t\t                <div class=\"rating\">\n\t\t\t\t\t\t\t\t                  \t<i class=\"fas fa-star\"><\/i><i class=\"fas fa-star\"><\/i><i class=\"fas fa-star\"><\/i><i class=\"fas fa-star\"><\/i><i class=\"fas fa-star\"><\/i>\t\t\t\t\t\t\t\t                <\/div>\n\t\t\t\t\t\t\t               \t\t\t\t                        \t<\/div>\n\t\t\t                        <\/div>\n\t\t\t                    <\/div>\n\t\t                    \t\t\t                \t<div class=\"col-lg-6\">\n\t\t\t                        <div class=\"testimonial-item-three\">\n\t\t\t                        \t<div class=\"testi-avatar-thumb\">\n\t\t\t                        \t\t\t\t\t                        \t\t<div class=\"icon\"><i class=\"flaticon-left-quote\"><\/i><\/div>\n\t\t\t                        \t<\/div>\n\t\t\t                        \t<div class=\"testimonial-content-three\">\n\t\t\t\t\t\t\t\t\t\t\t\t\t\t\t\t\t\t\t\t\t\t\t<h4 class=\"title\">Ar-Ge M\u00fchendisi<\/h4>\n\t\t\t\t\t\t\t\t\t\t\t\t\t\t\t\t\t\t\t\t\t\t\t\t\t\t\t\t\t\t\t\t\t\t<span>Mehmet E.<\/span>\n\t\t\t\t\t\t\t\t\t\t\t\t\t\t\t\t\t\t\t\t\t\t<p><p>Saha uygulamalar\u0131nda ya\u015fad\u0131\u011f\u0131m\u0131z zaman ve maliyet kay\u0131plar\u0131, bu sistem sayesinde minimuma indi. Destek ekibine ayr\u0131ca te\u015fekk\u00fcr ederim.<\/p>\n<\/p>\n\t\t\t\t\t\t\t               \t\t\t\t\t\t\t\t\t                <div class=\"rating\">\n\t\t\t\t\t\t\t\t                  \t<i class=\"fas fa-star\"><\/i><i class=\"fas fa-star\"><\/i><i class=\"fas fa-star\"><\/i><i class=\"fas fa-star\"><\/i><i class=\"fas fa-star\"><\/i>\t\t\t\t\t\t\t\t                <\/div>\n\t\t\t\t\t\t\t               \t\t\t\t                        \t<\/div>\n\t\t\t                        <\/div>\n\t\t\t                    <\/div>\n\t\t                    \t\t\t                \t<div class=\"col-lg-6\">\n\t\t\t                        <div class=\"testimonial-item-three\">\n\t\t\t                        \t<div class=\"testi-avatar-thumb\">\n\t\t\t                        \t\t\t\t\t                        \t\t<div class=\"icon\"><i class=\"flaticon-left-quote\"><\/i><\/div>\n\t\t\t                        \t<\/div>\n\t\t\t                        \t<div class=\"testimonial-content-three\">\n\t\t\t\t\t\t\t\t\t\t\t\t\t\t\t\t\t\t\t\t\t\t\t<h4 class=\"title\">Proje Y\u00f6neticisi<\/h4>\n\t\t\t\t\t\t\t\t\t\t\t\t\t\t\t\t\t\t\t\t\t\t\t\t\t\t\t\t\t\t\t\t\t\t<span>Elif T.<\/span>\n\t\t\t\t\t\t\t\t\t\t\t\t\t\t\t\t\t\t\t\t\t\t<p><p>Savunma teknolojilerinde g\u00fcvenilir, h\u0131zl\u0131 ve \u00f6l\u00e7eklenebilir \u00e7\u00f6z\u00fcmler ar\u0131yorduk. Bu firma tam olarak ihtiyac\u0131m\u0131za cevap verdi.<\/p>\n<\/p>\n\t\t\t\t\t\t\t               \t\t\t\t\t\t\t\t\t                <div class=\"rating\">\n\t\t\t\t\t\t\t\t                  \t<i class=\"fas fa-star\"><\/i><i class=\"fas fa-star\"><\/i><i class=\"fas fa-star\"><\/i><i class=\"fas fa-star\"><\/i><i class=\"far fa-star\"><\/i>\t\t\t\t\t\t\t\t                <\/div>\n\t\t\t\t\t\t\t               \t\t\t\t                        \t<\/div>\n\t\t\t                        <\/div>\n\t\t\t                    <\/div>\n\t\t                    \t\t                <\/div>\n\t\t            <\/div>\n\t\t        <\/section>\n\t\t\t\t\t\t\t\t\t<\/div>\n\t\t\t\t<\/div>\n\t\t\t\t\t<\/div>\n\t\t<\/div>\n\t\t\t\t\t<\/div>\n\t\t<\/section>\n\t\t\t\t\t<\/div>\n\t\t<\/div>\n\t\t\t\t\t<\/div>\n\t\t<\/section>\n\t\t\t\t<\/div>\n\t\t","protected":false},"excerpt":{"rendered":"<p>Why Choose Us 19,000+ of the world\u2019s most successful companies with trust Onsite Optimization There are many variations of passages of Lorem Ipsum available the majority have suffered that alteration. 01 Keyword Research There are many variations of passages of Lorem Ipsum available the majority have suffered that alteration. 02 Link Building There are many [&hellip;]<\/p>\n","protected":false},"author":1,"featured_media":0,"parent":0,"menu_order":0,"comment_status":"closed","ping_status":"closed","template":"page-template\/blank-page-sidebar.php","meta":{"footnotes":""},"class_list":["post-543","page","type-page","status-publish","hentry"],"_links":{"self":[{"href":"https:\/\/tusmec.com\/index.php\/wp-json\/wp\/v2\/pages\/543","targetHints":{"allow":["GET"]}}],"collection":[{"href":"https:\/\/tusmec.com\/index.php\/wp-json\/wp\/v2\/pages"}],"about":[{"href":"https:\/\/tusmec.com\/index.php\/wp-json\/wp\/v2\/types\/page"}],"author":[{"embeddable":true,"href":"https:\/\/tusmec.com\/index.php\/wp-json\/wp\/v2\/users\/1"}],"replies":[{"embeddable":true,"href":"https:\/\/tusmec.com\/index.php\/wp-json\/wp\/v2\/comments?post=543"}],"version-history":[{"count":1,"href":"https:\/\/tusmec.com\/index.php\/wp-json\/wp\/v2\/pages\/543\/revisions"}],"predecessor-version":[{"id":1520,"href":"https:\/\/tusmec.com\/index.php\/wp-json\/wp\/v2\/pages\/543\/revisions\/1520"}],"wp:attachment":[{"href":"https:\/\/tusmec.com\/index.php\/wp-json\/wp\/v2\/media?parent=543"}],"curies":[{"name":"wp","href":"https:\/\/api.w.org\/{rel}","templated":true}]}}