{"id":594,"date":"2023-01-05T09:02:00","date_gmt":"2023-01-05T09:02:00","guid":{"rendered":"https:\/\/ifingerstudio.com\/spondtech\/?page_id=594"},"modified":"2025-06-28T12:19:45","modified_gmt":"2025-06-28T09:19:45","slug":"it-services-two","status":"publish","type":"page","link":"https:\/\/tusmec.com\/index.php\/it-services-two\/","title":{"rendered":"It Services Two"},"content":{"rendered":"\t\t<div data-elementor-type=\"wp-page\" data-elementor-id=\"594\" class=\"elementor elementor-594\">\n\t\t\t\t\t\t<section class=\"elementor-section elementor-top-section elementor-element elementor-element-010c7ae elementor-section-boxed elementor-section-height-default elementor-section-height-default\" data-id=\"010c7ae\" data-element_type=\"section\" data-settings=\"{&quot;background_background&quot;:&quot;classic&quot;}\">\n\t\t\t\t\t\t<div class=\"elementor-container elementor-column-gap-default\">\n\t\t\t\t\t<div class=\"elementor-column elementor-col-100 elementor-top-column elementor-element elementor-element-48cb7bc\" data-id=\"48cb7bc\" data-element_type=\"column\">\n\t\t\t<div class=\"elementor-widget-wrap elementor-element-populated\">\n\t\t\t\t\t\t<section class=\"elementor-section elementor-inner-section elementor-element elementor-element-2be722e elementor-section-boxed elementor-section-height-default elementor-section-height-default\" data-id=\"2be722e\" data-element_type=\"section\">\n\t\t\t\t\t\t<div class=\"elementor-container elementor-column-gap-default\">\n\t\t\t\t\t<div class=\"elementor-column elementor-col-33 elementor-inner-column elementor-element elementor-element-a232b09\" data-id=\"a232b09\" data-element_type=\"column\">\n\t\t\t<div class=\"elementor-widget-wrap\">\n\t\t\t\t\t\t\t<\/div>\n\t\t<\/div>\n\t\t\t\t<div class=\"elementor-column elementor-col-33 elementor-inner-column elementor-element elementor-element-d8a5e3f\" data-id=\"d8a5e3f\" data-element_type=\"column\">\n\t\t\t<div class=\"elementor-widget-wrap elementor-element-populated\">\n\t\t\t\t\t\t<div class=\"elementor-element elementor-element-5f42508 elementor-widget elementor-widget-section-head-two\" data-id=\"5f42508\" data-element_type=\"widget\" data-widget_type=\"section-head-two.default\">\n\t\t\t\t<div class=\"elementor-widget-container\">\n\t\t\t\t\t\n\t\t\t\t\t<div class=\"text-center section-title tg-heading-subheading animation-style2\">\n\t\t\t\t\t\t            <h6 class=\"sub-title tg-element-title\">\n\t\t            \tCompany Services\t\t            <\/h6>\n\t            \t            \t\t            <h2 class=\"title tg-element-title\"> Services We Provide <\/h2>\n\t            \t        <\/div>\n\t\t\t\t\t\t\t\t<\/div>\n\t\t\t\t<\/div>\n\t\t\t\t\t<\/div>\n\t\t<\/div>\n\t\t\t\t<div class=\"elementor-column elementor-col-33 elementor-inner-column elementor-element elementor-element-c9b8411\" data-id=\"c9b8411\" data-element_type=\"column\">\n\t\t\t<div class=\"elementor-widget-wrap\">\n\t\t\t\t\t\t\t<\/div>\n\t\t<\/div>\n\t\t\t\t\t<\/div>\n\t\t<\/section>\n\t\t\t\t<section class=\"elementor-section elementor-inner-section elementor-element elementor-element-0305150 elementor-section-boxed elementor-section-height-default elementor-section-height-default\" data-id=\"0305150\" data-element_type=\"section\">\n\t\t\t\t\t\t<div class=\"elementor-container elementor-column-gap-default\">\n\t\t\t\t\t<div class=\"elementor-column elementor-col-100 elementor-inner-column elementor-element elementor-element-b1817b5\" data-id=\"b1817b5\" data-element_type=\"column\">\n\t\t\t<div class=\"elementor-widget-wrap elementor-element-populated\">\n\t\t\t\t\t\t<div class=\"elementor-element elementor-element-219de68 elementor-widget elementor-widget-section-service\" data-id=\"219de68\" data-element_type=\"widget\" data-widget_type=\"section-service.default\">\n\t\t\t\t<div class=\"elementor-widget-container\">\n\t\t\t\t\t\n\t\t\t                <div class=\"services-item-wrap-two\">\n                    <div class=\"row\">\n\t\t\t\t\t\t\t\t\t\t\t\t\t<div class=\"col-lg-4 col-md-6\">\n\t\t\t\t\t\t\t\t \n\t\t                            <div class=\"services-item-three shortcode-four \">\n\t\t                                <div class=\"services-icon-three\">\n\t\t                                    <i class=\"ficon flaticon-optimization\"><\/i>\n\t\t                                <\/div>\n\t\t                                <div class=\"services-content-three\">\n\t\t                                    <h3 class=\"title\">\n\t\t\t\t\t\t\t\t\t\t\t\t\t\t\t\t\t\t\t\t\t\t\t\t\t<a href=\"https:\/\/tusmec.com\/index.php\/service\/afet-ve-arama-kurtarma-teknolojileri\/\">Afet ve Arama Kurtarma Teknolojileri<\/a>\n\t\t\t\t\t\t\t\t\t\t\t\t\t\t                                    <\/h3>\n\t\t                                    <p>Zorlu arazi ve kriz anlar\u0131nda g\u00f6rev yapabilen s\u00fcr\u00fc sistemlerimizle afet b\u00f6lgelerinde etkin m\u00fcdahale sa\u011fl\u0131yoruz.<\/p>\n\t\t                                <\/div>\n\t\t                            <\/div>\n\t\t                        \t\t\t\t\t\t\t<\/div>\n\t\t\t\t\t\t\t\t\t\t\t\t\t<div class=\"col-lg-4 col-md-6\">\n\t\t\t\t\t\t\t\t \n\t\t                            <div class=\"services-item-three shortcode-four red\">\n\t\t                                <div class=\"services-icon-three\">\n\t\t                                    <i class=\"ficon flaticon-social-media\"><\/i>\n\t\t                                <\/div>\n\t\t                                <div class=\"services-content-three\">\n\t\t                                    <h3 class=\"title\">\n\t\t\t\t\t\t\t\t\t\t\t\t\t\t\t\t\t\t\t\t\t\t\t\t\t<a href=\"https:\/\/tusmec.com\/index.php\/service\/akilli-tarim-sistemleri\/\">Ak\u0131ll\u0131 Tar\u0131m Sistemleri<\/a>\n\t\t\t\t\t\t\t\t\t\t\t\t\t\t                                    <\/h3>\n\t\t                                    <p>Tar\u0131m alan\u0131nda otonom kara ve hava ara\u00e7lar\u0131 ile ila\u00e7lama, g\u00fcbreleme, veri toplama ve analiz s\u00fcre\u00e7lerini verimli hale getiriyoruz.<\/p>\n\t\t                                <\/div>\n\t\t                            <\/div>\n\t\t                        \t\t\t\t\t\t\t<\/div>\n\t\t\t\t\t\t\t\t\t\t\t\t\t<div class=\"col-lg-4 col-md-6\">\n\t\t\t\t\t\t\t\t \n\t\t                            <div class=\"services-item-three shortcode-four yellow\">\n\t\t                                <div class=\"services-icon-three\">\n\t\t                                    <i class=\"ficon flaticon-settings\"><\/i>\n\t\t                                <\/div>\n\t\t                                <div class=\"services-content-three\">\n\t\t                                    <h3 class=\"title\">\n\t\t\t\t\t\t\t\t\t\t\t\t\t\t\t\t\t\t\t\t\t\t\t\t\t<a href=\"https:\/\/tusmec.com\/index.php\/service\/endustriyel-lojistik-cozumleri\/\">End\u00fcstriyel Lojistik \u00c7\u00f6z\u00fcmleri<\/a>\n\t\t\t\t\t\t\t\t\t\t\t\t\t\t                                    <\/h3>\n\t\t                                    <p>\u00dcretim tesisleri ve depolarda \u00fcr\u00fcn ta\u015f\u0131ma, izleme ve y\u00f6nlendirme i\u015flemlerini s\u00fcr\u00fc robot teknolojisiyle ak\u0131ll\u0131 hale getiriyoruz.<\/p>\n\t\t                                <\/div>\n\t\t                            <\/div>\n\t\t                        \t\t\t\t\t\t\t<\/div>\n\t\t\t\t\t\t\t\t\t\t\t\t\t<div class=\"col-lg-4 col-md-6\">\n\t\t\t\t\t\t\t\t \n\t\t                            <div class=\"services-item-three shortcode-four blue\">\n\t\t                                <div class=\"services-icon-three\">\n\t\t                                    <i class=\"ficon flaticon-client\"><\/i>\n\t\t                                <\/div>\n\t\t                                <div class=\"services-content-three\">\n\t\t                                    <h3 class=\"title\">\n\t\t\t\t\t\t\t\t\t\t\t\t\t\t\t\t\t\t\t\t\t\t\t\t\t<a href=\"https:\/\/tusmec.com\/index.php\/service\/yapay-zeka-ve-suru-yazilim-gelistirme\/\">Yapay Zeka ve S\u00fcr\u00fc Yaz\u0131l\u0131m Geli\u015ftirme<\/a>\n\t\t\t\t\t\t\t\t\t\t\t\t\t\t                                    <\/h3>\n\t\t                                    <p>Farkl\u0131 tipte ara\u00e7lar\u0131n birlikte \u00e7al\u0131\u015fmas\u0131n\u0131 sa\u011flayan yerli yaz\u0131l\u0131m \u00e7\u00f6z\u00fcmlerimizle tam entegre s\u00fcr\u00fc sistemleri geli\u015ftiriyoruz.<\/p>\n\t\t                                <\/div>\n\t\t                            <\/div>\n\t\t                        \t\t\t\t\t\t\t<\/div>\n\t\t\t\t\t\t\t\t\t\t\t\t\t<div class=\"col-lg-4 col-md-6\">\n\t\t\t\t\t\t\t\t \n\t\t                            <div class=\"services-item-three shortcode-four green\">\n\t\t                                <div class=\"services-icon-three\">\n\t\t                                    <i class=\"ficon flaticon-strategy\"><\/i>\n\t\t                                <\/div>\n\t\t                                <div class=\"services-content-three\">\n\t\t                                    <h3 class=\"title\">\n\t\t\t\t\t\t\t\t\t\t\t\t\t\t\t\t\t\t\t\t\t\t\t\t\t<a href=\"https:\/\/tusmec.com\/index.php\/service\/savunma-sanayi-uygulamalari\/\">Savunma Sanayi Uygulamalar\u0131<\/a>\n\t\t\t\t\t\t\t\t\t\t\t\t\t\t                                    <\/h3>\n\t\t                                    <p>Ke\u015fif, g\u00f6zetleme ve taktik operasyonlar i\u00e7in geli\u015ftirilen otonom sistemlerimizle savunma teknolojilerinde ileri \u00e7\u00f6z\u00fcmler sunuyoruz.<\/p>\n\t\t                                <\/div>\n\t\t                            <\/div>\n\t\t                        \t\t\t\t\t\t\t<\/div>\n\t\t\t\t\t\t\t\t\t\t\t<\/div>\n\t\t\t\t<\/div>\n\t\t\t\t\t\t\t\t\t<\/div>\n\t\t\t\t<\/div>\n\t\t\t\t\t<\/div>\n\t\t<\/div>\n\t\t\t\t\t<\/div>\n\t\t<\/section>\n\t\t\t\t\t<\/div>\n\t\t<\/div>\n\t\t\t\t\t<\/div>\n\t\t<\/section>\n\t\t\t\t<section class=\"elementor-section elementor-top-section elementor-element elementor-element-35bf896 elementor-section-boxed elementor-section-height-default elementor-section-height-default\" data-id=\"35bf896\" data-element_type=\"section\">\n\t\t\t\t\t\t<div class=\"elementor-container elementor-column-gap-default\">\n\t\t\t\t\t<div class=\"elementor-column elementor-col-33 elementor-top-column elementor-element elementor-element-0307eb9\" data-id=\"0307eb9\" data-element_type=\"column\">\n\t\t\t<div class=\"elementor-widget-wrap\">\n\t\t\t\t\t\t\t<\/div>\n\t\t<\/div>\n\t\t\t\t<div class=\"elementor-column elementor-col-33 elementor-top-column elementor-element elementor-element-0352ae3\" data-id=\"0352ae3\" data-element_type=\"column\">\n\t\t\t<div class=\"elementor-widget-wrap elementor-element-populated\">\n\t\t\t\t\t\t<div class=\"elementor-element elementor-element-01b8f68 elementor-widget elementor-widget-section-head-two\" data-id=\"01b8f68\" data-element_type=\"widget\" data-widget_type=\"section-head-two.default\">\n\t\t\t\t<div class=\"elementor-widget-container\">\n\t\t\t\t\t\n\t\t\t\t\t<div class=\"text-center section-title tg-heading-subheading animation-style2\">\n\t\t\t\t\t\t            <h6 class=\"sub-title tg-element-title\">\n\t\t            \tOur Team\t\t            <\/h6>\n\t            \t            \t\t            <h2 class=\"title tg-element-title\"> Meet The Team Of Innovations! <\/h2>\n\t            \t        <\/div>\n\t\t\t\t\t\t\t\t<\/div>\n\t\t\t\t<\/div>\n\t\t\t\t\t<\/div>\n\t\t<\/div>\n\t\t\t\t<div class=\"elementor-column elementor-col-33 elementor-top-column elementor-element elementor-element-95f8cd1\" data-id=\"95f8cd1\" data-element_type=\"column\">\n\t\t\t<div class=\"elementor-widget-wrap\">\n\t\t\t\t\t\t\t<\/div>\n\t\t<\/div>\n\t\t\t\t\t<\/div>\n\t\t<\/section>\n\t\t\t\t<section class=\"elementor-section elementor-top-section elementor-element elementor-element-42e11eb elementor-section-boxed elementor-section-height-default elementor-section-height-default\" data-id=\"42e11eb\" data-element_type=\"section\">\n\t\t\t\t\t\t<div class=\"elementor-container elementor-column-gap-default\">\n\t\t\t\t\t<div class=\"elementor-column elementor-col-100 elementor-top-column elementor-element elementor-element-e7dc07d\" data-id=\"e7dc07d\" data-element_type=\"column\">\n\t\t\t<div class=\"elementor-widget-wrap elementor-element-populated\">\n\t\t\t\t\t\t<div class=\"elementor-element elementor-element-2365731 elementor-widget elementor-widget-section-team\" data-id=\"2365731\" data-element_type=\"widget\" data-widget_type=\"section-team.default\">\n\t\t\t\t<div class=\"elementor-widget-container\">\n\t\t\t\t\t\n                            <div class=\"team-area-section\">\n                    <div class=\"row\">\n                                                <div class=\"col-lg-3 col-md-6 col-sm-6\">\n                            <div class=\"team-item\">\n                                                                    <div class=\"team-thumb\">\n                                                                                    <a href=\"https:\/\/tusmec.com\/index.php\/teams\/robert-amplilian\/\">\n                                                <img fetchpriority=\"high\" decoding=\"async\" width=\"410\" height=\"520\" src=\"https:\/\/tusmec.com\/wp-content\/uploads\/2023\/01\/01-team-thumb.jpg\" class=\"attachment-post-thumbnail size-post-thumbnail wp-post-image\" alt=\"\" srcset=\"https:\/\/tusmec.com\/wp-content\/uploads\/2023\/01\/01-team-thumb.jpg 410w, https:\/\/tusmec.com\/wp-content\/uploads\/2023\/01\/01-team-thumb-237x300.jpg 237w, https:\/\/tusmec.com\/wp-content\/uploads\/2023\/01\/01-team-thumb-63x80.jpg 63w\" sizes=\"(max-width: 410px) 100vw, 410px\" \/>                                            <\/a>\n                                        \n                                                                                     <div class=\"team-social\">\n                                                <ul class=\"list-wrap\">\n                                                                                                            <li><a href=\"#\"><i class=\"fab fa-facebook-f\"><\/i><\/a><\/li>\n                                                                                                                                                                <li><a href=\"#\"><i class=\"fab fa-twitter\"><\/i><\/a><\/li>\n                                                                                                                                                                <li><a href=\"#\"><i class=\"fab fa-linkedin-in\"><\/i><\/a><\/li>\n                                                                                                                                                                <li><a href=\"#\"><i class=\"fab fa-dribbble\"><\/i><\/a><\/li>\n                                                                                                                                                                                                                                                                <\/ul>\n                                            <\/div>\n                                                                            <\/div>\n                                                                <div class=\"team-content\">\n                                                                            <h2 class=\"title\"><a href=\"https:\/\/tusmec.com\/index.php\/teams\/robert-amplilian\/\">Robert Amplilian<\/a><\/h2>\n                                                                                                                <span>President & CEO<\/span>\n                                                                    <\/div>\n                            <\/div>\n                        <\/div>\n                                               <div class=\"col-lg-3 col-md-6 col-sm-6\">\n                            <div class=\"team-item\">\n                                                                    <div class=\"team-thumb\">\n                                                                                    <a href=\"https:\/\/tusmec.com\/index.php\/teams\/jenifer-alex\/\">\n                                                <img decoding=\"async\" width=\"410\" height=\"520\" src=\"https:\/\/tusmec.com\/wp-content\/uploads\/2023\/01\/02-team-thumb.jpg\" class=\"attachment-post-thumbnail size-post-thumbnail wp-post-image\" alt=\"\" srcset=\"https:\/\/tusmec.com\/wp-content\/uploads\/2023\/01\/02-team-thumb.jpg 410w, https:\/\/tusmec.com\/wp-content\/uploads\/2023\/01\/02-team-thumb-237x300.jpg 237w, https:\/\/tusmec.com\/wp-content\/uploads\/2023\/01\/02-team-thumb-63x80.jpg 63w\" sizes=\"(max-width: 410px) 100vw, 410px\" \/>                                            <\/a>\n                                        \n                                                                                     <div class=\"team-social\">\n                                                <ul class=\"list-wrap\">\n                                                                                                            <li><a href=\"#\"><i class=\"fab fa-facebook-f\"><\/i><\/a><\/li>\n                                                                                                                                                                <li><a href=\"#\"><i class=\"fab fa-twitter\"><\/i><\/a><\/li>\n                                                                                                                                                                <li><a href=\"#\"><i class=\"fab fa-linkedin-in\"><\/i><\/a><\/li>\n                                                                                                                                                                <li><a href=\"#\"><i class=\"fab fa-dribbble\"><\/i><\/a><\/li>\n                                                                                                                                                                                                                                                                <\/ul>\n                                            <\/div>\n                                                                            <\/div>\n                                                                <div class=\"team-content\">\n                                                                            <h2 class=\"title\"><a href=\"https:\/\/tusmec.com\/index.php\/teams\/jenifer-alex\/\">Jenifer Alex<\/a><\/h2>\n                                                                                                                <span>Chief Strategy Officer<\/span>\n                                                                    <\/div>\n                            <\/div>\n                        <\/div>\n                                               <div class=\"col-lg-3 col-md-6 col-sm-6\">\n                            <div class=\"team-item\">\n                                                                    <div class=\"team-thumb\">\n                                                                                    <a href=\"https:\/\/tusmec.com\/index.php\/teams\/john-doe\/\">\n                                                <img decoding=\"async\" width=\"410\" height=\"520\" src=\"https:\/\/tusmec.com\/wp-content\/uploads\/2023\/01\/03-team-thumb.jpg\" class=\"attachment-post-thumbnail size-post-thumbnail wp-post-image\" alt=\"\" srcset=\"https:\/\/tusmec.com\/wp-content\/uploads\/2023\/01\/03-team-thumb.jpg 410w, https:\/\/tusmec.com\/wp-content\/uploads\/2023\/01\/03-team-thumb-237x300.jpg 237w, https:\/\/tusmec.com\/wp-content\/uploads\/2023\/01\/03-team-thumb-63x80.jpg 63w\" sizes=\"(max-width: 410px) 100vw, 410px\" \/>                                            <\/a>\n                                        \n                                                                                     <div class=\"team-social\">\n                                                <ul class=\"list-wrap\">\n                                                                                                            <li><a href=\"#\"><i class=\"fab fa-facebook-f\"><\/i><\/a><\/li>\n                                                                                                                                                                <li><a href=\"#\"><i class=\"fab fa-twitter\"><\/i><\/a><\/li>\n                                                                                                                                                                <li><a href=\"#\"><i class=\"fab fa-linkedin-in\"><\/i><\/a><\/li>\n                                                                                                                                                                <li><a href=\"#\"><i class=\"fab fa-dribbble\"><\/i><\/a><\/li>\n                                                                                                                                                                                                                                                                <\/ul>\n                                            <\/div>\n                                                                            <\/div>\n                                                                <div class=\"team-content\">\n                                                                            <h2 class=\"title\"><a href=\"https:\/\/tusmec.com\/index.php\/teams\/john-doe\/\">John Doe<\/a><\/h2>\n                                                                                                                <span>Chief Marketing Officer<\/span>\n                                                                    <\/div>\n                            <\/div>\n                        <\/div>\n                                               <div class=\"col-lg-3 col-md-6 col-sm-6\">\n                            <div class=\"team-item\">\n                                                                    <div class=\"team-thumb\">\n                                                                                    <a href=\"https:\/\/tusmec.com\/index.php\/teams\/jecy-deoko\/\">\n                                                <img loading=\"lazy\" decoding=\"async\" width=\"410\" height=\"520\" src=\"https:\/\/tusmec.com\/wp-content\/uploads\/2023\/01\/04-team-thumb.jpg\" class=\"attachment-post-thumbnail size-post-thumbnail wp-post-image\" alt=\"\" srcset=\"https:\/\/tusmec.com\/wp-content\/uploads\/2023\/01\/04-team-thumb.jpg 410w, https:\/\/tusmec.com\/wp-content\/uploads\/2023\/01\/04-team-thumb-237x300.jpg 237w, https:\/\/tusmec.com\/wp-content\/uploads\/2023\/01\/04-team-thumb-63x80.jpg 63w\" sizes=\"(max-width: 410px) 100vw, 410px\" \/>                                            <\/a>\n                                        \n                                                                                     <div class=\"team-social\">\n                                                <ul class=\"list-wrap\">\n                                                                                                            <li><a href=\"#\"><i class=\"fab fa-facebook-f\"><\/i><\/a><\/li>\n                                                                                                                                                                <li><a href=\"#\"><i class=\"fab fa-twitter\"><\/i><\/a><\/li>\n                                                                                                                                                                <li><a href=\"#\"><i class=\"fab fa-linkedin-in\"><\/i><\/a><\/li>\n                                                                                                                                                                <li><a href=\"#\"><i class=\"fab fa-dribbble\"><\/i><\/a><\/li>\n                                                                                                                                                                                                                                                                <\/ul>\n                                            <\/div>\n                                                                            <\/div>\n                                                                <div class=\"team-content\">\n                                                                            <h2 class=\"title\"><a href=\"https:\/\/tusmec.com\/index.php\/teams\/jecy-deoko\/\">Jecy Deoko<\/a><\/h2>\n                                                                                                                <span>CTO of Company<\/span>\n                                                                    <\/div>\n                            <\/div>\n                        <\/div>\n                                           <\/div>\n                <\/div>\n            \n        \t\t\t\t<\/div>\n\t\t\t\t<\/div>\n\t\t\t\t\t<\/div>\n\t\t<\/div>\n\t\t\t\t\t<\/div>\n\t\t<\/section>\n\t\t\t\t<\/div>\n\t\t","protected":false},"excerpt":{"rendered":"<p>Company Services Services We Provide Analytic solutions It uses an dictionary over rursus mal suada lisis dolarorit ametion the as consectetur the elit. Branding Support It uses an dictionary over rursus mal suada lisis dolarorit ametion the as consectetur the elit. Business Planning It uses an dictionary over rursus mal suada lisis dolarorit ametion the [&hellip;]<\/p>\n","protected":false},"author":1,"featured_media":0,"parent":0,"menu_order":0,"comment_status":"closed","ping_status":"closed","template":"page-template\/blank-page-sidebar.php","meta":{"footnotes":""},"class_list":["post-594","page","type-page","status-publish","hentry"],"_links":{"self":[{"href":"https:\/\/tusmec.com\/index.php\/wp-json\/wp\/v2\/pages\/594","targetHints":{"allow":["GET"]}}],"collection":[{"href":"https:\/\/tusmec.com\/index.php\/wp-json\/wp\/v2\/pages"}],"about":[{"href":"https:\/\/tusmec.com\/index.php\/wp-json\/wp\/v2\/types\/page"}],"author":[{"embeddable":true,"href":"https:\/\/tusmec.com\/index.php\/wp-json\/wp\/v2\/users\/1"}],"replies":[{"embeddable":true,"href":"https:\/\/tusmec.com\/index.php\/wp-json\/wp\/v2\/comments?post=594"}],"version-history":[{"count":1,"href":"https:\/\/tusmec.com\/index.php\/wp-json\/wp\/v2\/pages\/594\/revisions"}],"predecessor-version":[{"id":1522,"href":"https:\/\/tusmec.com\/index.php\/wp-json\/wp\/v2\/pages\/594\/revisions\/1522"}],"wp:attachment":[{"href":"https:\/\/tusmec.com\/index.php\/wp-json\/wp\/v2\/media?parent=594"}],"curies":[{"name":"wp","href":"https:\/\/api.w.org\/{rel}","templated":true}]}}