{"id":660,"date":"2023-01-08T07:38:33","date_gmt":"2023-01-08T07:38:33","guid":{"rendered":"https:\/\/ifingerstudio.com\/spondtech\/?page_id=660"},"modified":"2023-01-08T07:38:33","modified_gmt":"2023-01-08T07:38:33","slug":"blog-grid","status":"publish","type":"page","link":"https:\/\/tusmec.com\/index.php\/blog-grid\/","title":{"rendered":"Blog Grid"},"content":{"rendered":"\t\t<div data-elementor-type=\"wp-page\" data-elementor-id=\"660\" class=\"elementor elementor-660\">\n\t\t\t\t\t\t<section class=\"elementor-section elementor-top-section elementor-element elementor-element-37a6f9e elementor-section-boxed elementor-section-height-default elementor-section-height-default\" data-id=\"37a6f9e\" data-element_type=\"section\">\n\t\t\t\t\t\t<div class=\"elementor-container elementor-column-gap-default\">\n\t\t\t\t\t<div class=\"elementor-column elementor-col-100 elementor-top-column elementor-element elementor-element-96ab76b\" data-id=\"96ab76b\" data-element_type=\"column\">\n\t\t\t<div class=\"elementor-widget-wrap elementor-element-populated\">\n\t\t\t\t\t\t<div class=\"elementor-element elementor-element-98cb617 elementor-widget elementor-widget-section-blog\" data-id=\"98cb617\" data-element_type=\"widget\" data-widget_type=\"section-blog.default\">\n\t\t\t\t<div class=\"elementor-widget-container\">\n\t\t\t\t\t\t\t\t<div class=\"row\">\n\n\n\t\t\t\t\t\t\t\t\t\t\t\t\t\t\t<div class=\"col-lg-4 col-md-6 blog-shortcode\">\n\t\t\t\t\t\t\t<article id=\"post-1\" class=\"post-1 post type-post status-publish format-standard hentry category-genel\">\n\t\t\t\t\t\t\t   <div class=\"blog-post-item bp-style-two v1\">\n\t\t\t\t\t\t\t      \t\t\t\t\t\t\t\t        <div class=\"blog-post-content\">\n\t\t\t\t\t\t               \t\t\t\t\t\t\t\t\t            <div class=\"post-date\">\n\t\t\t\t\t\t\t\t\t            <span><i class=\"fas fa-calendar-alt\"><\/i>28 Haziran 2025<\/span>\n\t\t\t\t\t\t\t\t            <\/div>\n\t\t\t\t\t\t\t\t        \t\t\t\t\t\t\t\t\t\t<h2 class=\"title\"><a href=\"https:\/\/tusmec.com\/index.php\/2025\/06\/28\/merhaba-dunya\/\">Merhaba d\u00fcnya!<\/a><\/h2>\n\t\t\t\t\t\t\t\t\t\t\t\t\t\t\t\t\t\t\t\t\t<div class=\"blog-meta\">\n\t\t\t\t\t\t\t\t\t\t\t\t<ul class=\"list-wrap\">\n\t\t\t\t\t\t\t\t\t\t\t\t\t\t\t\t\t\t\t\t\t\t\t\t\t\t\t<li><i class=\"far fa-user\"><\/i>By <a href=\"https:\/\/tusmec.com\/index.php\/author\/ersinn-torungmail-com\/\" title=\"ersinn.torun@gmail.com taraf\u0131ndan yaz\u0131lan yaz\u0131lar\" rel=\"author\">ersinn.torun@gmail.com<\/a><\/li>\n\t\t\t\t\t\t\t\t\t\t\t\t\t\t\t\t\t\t\t\t\t\t\t\t\t\t\t\t\t\t\t\t\t\t\t\t\t\t\t\t<li><i class=\"far fa-comments\"><\/i>1 Comment<\/li>\n\t\t\t\t\t\t\t\t\t\t\t\t\t\t\t\t\t\t\t\t\t\t\t\t\t<\/ul>\n\t\t\t\t\t\t\t\t\t\t\t<\/div>\n\t\t\t\t\t\t\t\t\t\t\t\t\t\t\t\t\t        <\/div>\n\t\t\t\t\t\t\t\t<\/div>\n\t\t\t\t\t\t\t<\/article>\n\t\t\t\t\t\t<\/div>\n\t\t\t\t   \t\t\t\t\t\t<div class=\"col-lg-4 col-md-6 blog-shortcode\">\n\t\t\t\t\t\t\t<article id=\"post-1514\" class=\"post-1514 post type-post status-publish format-standard has-post-thumbnail hentry category-digital tag-design tag-tech tag-web\">\n\t\t\t\t\t\t\t   <div class=\"blog-post-item bp-style-two v1\">\n\t\t\t\t\t\t\t      \t\t\t\t\t\t\t\t         \t<div class=\"blog-post-thumb position-relative\">\n\t\t\t\t\t\t\t            \t<a href=\"https:\/\/tusmec.com\/index.php\/2023\/01\/01\/technology-allows-profit-to-serve-the-community\/\"><img fetchpriority=\"high\" decoding=\"async\" width=\"770\" height=\"460\" src=\"https:\/\/tusmec.com\/wp-content\/uploads\/2023\/01\/01_blog-770x460.jpg\" class=\"attachment-spondtech-770-460 size-spondtech-770-460 wp-post-image\" alt=\"\" \/><\/a>\n\t\t\t\t\t\t\t            \t\t\t\t\t\t\t\t\t            \t<span class=\"tag categories-info\"><a href=\"https:\/\/tusmec.com\/index.php\/category\/digital\/\" rel=\"category tag\">Digital<\/a><\/span>\n\t\t\t\t\t\t\t\t            \t\t\t\t\t\t\t        \t<\/div>\n\t\t\t\t\t\t         \t\t\t\t\t\t\t\t        <div class=\"blog-post-content\">\n\t\t\t\t\t\t               \t\t\t\t\t\t\t\t\t            <div class=\"post-date\">\n\t\t\t\t\t\t\t\t\t            <span><i class=\"fas fa-calendar-alt\"><\/i>1 Ocak 2023<\/span>\n\t\t\t\t\t\t\t\t            <\/div>\n\t\t\t\t\t\t\t\t        \t\t\t\t\t\t\t\t\t\t<h2 class=\"title\"><a href=\"https:\/\/tusmec.com\/index.php\/2023\/01\/01\/technology-allows-profit-to-serve-the-community\/\">Technology allows profit to serve the community<\/a><\/h2>\n\t\t\t\t\t\t\t\t\t\t\t\t\t\t\t\t\t\t\t\t\t<div class=\"blog-meta\">\n\t\t\t\t\t\t\t\t\t\t\t\t<ul class=\"list-wrap\">\n\t\t\t\t\t\t\t\t\t\t\t\t\t\t\t\t\t\t\t\t\t\t\t\t\t\t\t<li><i class=\"far fa-user\"><\/i>By <a href=\"https:\/\/tusmec.com\/index.php\/author\/ersinn-torungmail-com\/\" title=\"ersinn.torun@gmail.com taraf\u0131ndan yaz\u0131lan yaz\u0131lar\" rel=\"author\">ersinn.torun@gmail.com<\/a><\/li>\n\t\t\t\t\t\t\t\t\t\t\t\t\t\t\t\t\t\t\t\t\t\t\t\t\t\t\t\t\t\t\t\t\t\t\t\t\t\t\t\t<li><i class=\"far fa-comments\"><\/i>1 Comment<\/li>\n\t\t\t\t\t\t\t\t\t\t\t\t\t\t\t\t\t\t\t\t\t\t\t\t\t<\/ul>\n\t\t\t\t\t\t\t\t\t\t\t<\/div>\n\t\t\t\t\t\t\t\t\t\t\t\t\t\t\t\t\t        <\/div>\n\t\t\t\t\t\t\t\t<\/div>\n\t\t\t\t\t\t\t<\/article>\n\t\t\t\t\t\t<\/div>\n\t\t\t\t   \t\t\t\t\t\t<div class=\"col-lg-4 col-md-6 blog-shortcode\">\n\t\t\t\t\t\t\t<article id=\"post-215\" class=\"post-215 post type-post status-publish format-standard has-post-thumbnail hentry category-tips tag-business tag-design tag-web\">\n\t\t\t\t\t\t\t   <div class=\"blog-post-item bp-style-two v1\">\n\t\t\t\t\t\t\t      \t\t\t\t\t\t\t\t         \t<div class=\"blog-post-thumb position-relative\">\n\t\t\t\t\t\t\t            \t<a href=\"https:\/\/tusmec.com\/index.php\/2023\/01\/01\/make-life-by-what-you-an-give-in-future\/\"><img decoding=\"async\" width=\"770\" height=\"460\" src=\"https:\/\/tusmec.com\/wp-content\/uploads\/2023\/01\/02_blog-770x460.jpg\" class=\"attachment-spondtech-770-460 size-spondtech-770-460 wp-post-image\" alt=\"\" \/><\/a>\n\t\t\t\t\t\t\t            \t\t\t\t\t\t\t\t\t            \t<span class=\"tag categories-info\"><a href=\"https:\/\/tusmec.com\/index.php\/category\/tips\/\" rel=\"category tag\">Tips<\/a><\/span>\n\t\t\t\t\t\t\t\t            \t\t\t\t\t\t\t        \t<\/div>\n\t\t\t\t\t\t         \t\t\t\t\t\t\t\t        <div class=\"blog-post-content\">\n\t\t\t\t\t\t               \t\t\t\t\t\t\t\t\t            <div class=\"post-date\">\n\t\t\t\t\t\t\t\t\t            <span><i class=\"fas fa-calendar-alt\"><\/i>1 Ocak 2023<\/span>\n\t\t\t\t\t\t\t\t            <\/div>\n\t\t\t\t\t\t\t\t        \t\t\t\t\t\t\t\t\t\t<h2 class=\"title\"><a href=\"https:\/\/tusmec.com\/index.php\/2023\/01\/01\/make-life-by-what-you-an-give-in-future\/\">Make life by what you an give in future<\/a><\/h2>\n\t\t\t\t\t\t\t\t\t\t\t\t\t\t\t\t\t\t\t\t\t<div class=\"blog-meta\">\n\t\t\t\t\t\t\t\t\t\t\t\t<ul class=\"list-wrap\">\n\t\t\t\t\t\t\t\t\t\t\t\t\t\t\t\t\t\t\t\t\t\t\t\t\t\t\t<li><i class=\"far fa-user\"><\/i>By <a href=\"https:\/\/tusmec.com\/index.php\/author\/ersinn-torungmail-com\/\" title=\"ersinn.torun@gmail.com taraf\u0131ndan yaz\u0131lan yaz\u0131lar\" rel=\"author\">ersinn.torun@gmail.com<\/a><\/li>\n\t\t\t\t\t\t\t\t\t\t\t\t\t\t\t\t\t\t\t\t\t\t\t\t\t\t\t\t\t\t\t\t\t\t\t\t\t\t\t\t<li><i class=\"far fa-comments\"><\/i>0 Comments<\/li>\n\t\t\t\t\t\t\t\t\t\t\t\t\t\t\t\t\t\t\t\t\t\t\t\t\t<\/ul>\n\t\t\t\t\t\t\t\t\t\t\t<\/div>\n\t\t\t\t\t\t\t\t\t\t\t\t\t\t\t\t\t        <\/div>\n\t\t\t\t\t\t\t\t<\/div>\n\t\t\t\t\t\t\t<\/article>\n\t\t\t\t\t\t<\/div>\n\t\t\t\t   \t\t\t\t\t\t<div class=\"col-lg-4 col-md-6 blog-shortcode\">\n\t\t\t\t\t\t\t<article id=\"post-218\" class=\"post-218 post type-post status-publish format-standard has-post-thumbnail hentry category-quick-tips tag-apps tag-idea tag-modern\">\n\t\t\t\t\t\t\t   <div class=\"blog-post-item bp-style-two v1\">\n\t\t\t\t\t\t\t      \t\t\t\t\t\t\t\t         \t<div class=\"blog-post-thumb position-relative\">\n\t\t\t\t\t\t\t            \t<a href=\"https:\/\/tusmec.com\/index.php\/2023\/01\/01\/tip-for-promotng-your-business-and-creating\/\"><img decoding=\"async\" width=\"770\" height=\"460\" src=\"https:\/\/tusmec.com\/wp-content\/uploads\/2023\/01\/03_blog-770x460.jpg\" class=\"attachment-spondtech-770-460 size-spondtech-770-460 wp-post-image\" alt=\"\" \/><\/a>\n\t\t\t\t\t\t\t            \t\t\t\t\t\t\t\t\t            \t<span class=\"tag categories-info\"><a href=\"https:\/\/tusmec.com\/index.php\/category\/quick-tips\/\" rel=\"category tag\">Quick Tips<\/a><\/span>\n\t\t\t\t\t\t\t\t            \t\t\t\t\t\t\t        \t<\/div>\n\t\t\t\t\t\t         \t\t\t\t\t\t\t\t        <div class=\"blog-post-content\">\n\t\t\t\t\t\t               \t\t\t\t\t\t\t\t\t            <div class=\"post-date\">\n\t\t\t\t\t\t\t\t\t            <span><i class=\"fas fa-calendar-alt\"><\/i>1 Ocak 2023<\/span>\n\t\t\t\t\t\t\t\t            <\/div>\n\t\t\t\t\t\t\t\t        \t\t\t\t\t\t\t\t\t\t<h2 class=\"title\"><a href=\"https:\/\/tusmec.com\/index.php\/2023\/01\/01\/tip-for-promotng-your-business-and-creating\/\">Tip for Promotng Your Business and Creating<\/a><\/h2>\n\t\t\t\t\t\t\t\t\t\t\t\t\t\t\t\t\t\t\t\t\t<div class=\"blog-meta\">\n\t\t\t\t\t\t\t\t\t\t\t\t<ul class=\"list-wrap\">\n\t\t\t\t\t\t\t\t\t\t\t\t\t\t\t\t\t\t\t\t\t\t\t\t\t\t\t<li><i class=\"far fa-user\"><\/i>By <a href=\"https:\/\/tusmec.com\/index.php\/author\/ersinn-torungmail-com\/\" title=\"ersinn.torun@gmail.com taraf\u0131ndan yaz\u0131lan yaz\u0131lar\" rel=\"author\">ersinn.torun@gmail.com<\/a><\/li>\n\t\t\t\t\t\t\t\t\t\t\t\t\t\t\t\t\t\t\t\t\t\t\t\t\t\t\t\t\t\t\t\t\t\t\t\t\t\t\t\t<li><i class=\"far fa-comments\"><\/i>0 Comments<\/li>\n\t\t\t\t\t\t\t\t\t\t\t\t\t\t\t\t\t\t\t\t\t\t\t\t\t<\/ul>\n\t\t\t\t\t\t\t\t\t\t\t<\/div>\n\t\t\t\t\t\t\t\t\t\t\t\t\t\t\t\t\t        <\/div>\n\t\t\t\t\t\t\t\t<\/div>\n\t\t\t\t\t\t\t<\/article>\n\t\t\t\t\t\t<\/div>\n\t\t\t\t   \t\t\t\t\t\t<div class=\"col-lg-4 col-md-6 blog-shortcode\">\n\t\t\t\t\t\t\t<article id=\"post-221\" class=\"post-221 post type-post status-publish format-standard has-post-thumbnail hentry category-tech tag-business tag-idea tag-tech\">\n\t\t\t\t\t\t\t   <div class=\"blog-post-item bp-style-two v1\">\n\t\t\t\t\t\t\t      \t\t\t\t\t\t\t\t         \t<div class=\"blog-post-thumb position-relative\">\n\t\t\t\t\t\t\t            \t<a href=\"https:\/\/tusmec.com\/index.php\/2023\/01\/01\/designing-for-smartphone-tips-and-tricks\/\"><img loading=\"lazy\" decoding=\"async\" width=\"770\" height=\"460\" src=\"https:\/\/tusmec.com\/wp-content\/uploads\/2023\/01\/04_blog-770x460.jpg\" class=\"attachment-spondtech-770-460 size-spondtech-770-460 wp-post-image\" alt=\"\" \/><\/a>\n\t\t\t\t\t\t\t            \t\t\t\t\t\t\t\t\t            \t<span class=\"tag categories-info\"><a href=\"https:\/\/tusmec.com\/index.php\/category\/tech\/\" rel=\"category tag\">Tech<\/a><\/span>\n\t\t\t\t\t\t\t\t            \t\t\t\t\t\t\t        \t<\/div>\n\t\t\t\t\t\t         \t\t\t\t\t\t\t\t        <div class=\"blog-post-content\">\n\t\t\t\t\t\t               \t\t\t\t\t\t\t\t\t            <div class=\"post-date\">\n\t\t\t\t\t\t\t\t\t            <span><i class=\"fas fa-calendar-alt\"><\/i>1 Ocak 2023<\/span>\n\t\t\t\t\t\t\t\t            <\/div>\n\t\t\t\t\t\t\t\t        \t\t\t\t\t\t\t\t\t\t<h2 class=\"title\"><a href=\"https:\/\/tusmec.com\/index.php\/2023\/01\/01\/designing-for-smartphone-tips-and-tricks\/\">Designing For Smartphone Tips and Tricks<\/a><\/h2>\n\t\t\t\t\t\t\t\t\t\t\t\t\t\t\t\t\t\t\t\t\t<div class=\"blog-meta\">\n\t\t\t\t\t\t\t\t\t\t\t\t<ul class=\"list-wrap\">\n\t\t\t\t\t\t\t\t\t\t\t\t\t\t\t\t\t\t\t\t\t\t\t\t\t\t\t<li><i class=\"far fa-user\"><\/i>By <a href=\"https:\/\/tusmec.com\/index.php\/author\/ersinn-torungmail-com\/\" title=\"ersinn.torun@gmail.com taraf\u0131ndan yaz\u0131lan yaz\u0131lar\" rel=\"author\">ersinn.torun@gmail.com<\/a><\/li>\n\t\t\t\t\t\t\t\t\t\t\t\t\t\t\t\t\t\t\t\t\t\t\t\t\t\t\t\t\t\t\t\t\t\t\t\t\t\t\t\t<li><i class=\"far fa-comments\"><\/i>0 Comments<\/li>\n\t\t\t\t\t\t\t\t\t\t\t\t\t\t\t\t\t\t\t\t\t\t\t\t\t<\/ul>\n\t\t\t\t\t\t\t\t\t\t\t<\/div>\n\t\t\t\t\t\t\t\t\t\t\t\t\t\t\t\t\t        <\/div>\n\t\t\t\t\t\t\t\t<\/div>\n\t\t\t\t\t\t\t<\/article>\n\t\t\t\t\t\t<\/div>\n\t\t\t\t   \t\t\t\t\t\t<div class=\"col-lg-4 col-md-6 blog-shortcode\">\n\t\t\t\t\t\t\t<article id=\"post-224\" class=\"post-224 post type-post status-publish format-standard has-post-thumbnail hentry category-apps tag-apps tag-feature tag-idea\">\n\t\t\t\t\t\t\t   <div class=\"blog-post-item bp-style-two v1\">\n\t\t\t\t\t\t\t      \t\t\t\t\t\t\t\t         \t<div class=\"blog-post-thumb position-relative\">\n\t\t\t\t\t\t\t            \t<a href=\"https:\/\/tusmec.com\/index.php\/2023\/01\/01\/tip-for-promotng-your-business-and-creating-2\/\"><img loading=\"lazy\" decoding=\"async\" width=\"770\" height=\"460\" src=\"https:\/\/tusmec.com\/wp-content\/uploads\/2023\/01\/05_blog-770x460.jpg\" class=\"attachment-spondtech-770-460 size-spondtech-770-460 wp-post-image\" alt=\"\" \/><\/a>\n\t\t\t\t\t\t\t            \t\t\t\t\t\t\t\t\t            \t<span class=\"tag categories-info\"><a href=\"https:\/\/tusmec.com\/index.php\/category\/apps\/\" rel=\"category tag\">Apps<\/a><\/span>\n\t\t\t\t\t\t\t\t            \t\t\t\t\t\t\t        \t<\/div>\n\t\t\t\t\t\t         \t\t\t\t\t\t\t\t        <div class=\"blog-post-content\">\n\t\t\t\t\t\t               \t\t\t\t\t\t\t\t\t            <div class=\"post-date\">\n\t\t\t\t\t\t\t\t\t            <span><i class=\"fas fa-calendar-alt\"><\/i>1 Ocak 2023<\/span>\n\t\t\t\t\t\t\t\t            <\/div>\n\t\t\t\t\t\t\t\t        \t\t\t\t\t\t\t\t\t\t<h2 class=\"title\"><a href=\"https:\/\/tusmec.com\/index.php\/2023\/01\/01\/tip-for-promotng-your-business-and-creating-2\/\">Tip for Promotng Your Business and Creating<\/a><\/h2>\n\t\t\t\t\t\t\t\t\t\t\t\t\t\t\t\t\t\t\t\t\t<div class=\"blog-meta\">\n\t\t\t\t\t\t\t\t\t\t\t\t<ul class=\"list-wrap\">\n\t\t\t\t\t\t\t\t\t\t\t\t\t\t\t\t\t\t\t\t\t\t\t\t\t\t\t<li><i class=\"far fa-user\"><\/i>By <a href=\"https:\/\/tusmec.com\/index.php\/author\/ersinn-torungmail-com\/\" title=\"ersinn.torun@gmail.com taraf\u0131ndan yaz\u0131lan yaz\u0131lar\" rel=\"author\">ersinn.torun@gmail.com<\/a><\/li>\n\t\t\t\t\t\t\t\t\t\t\t\t\t\t\t\t\t\t\t\t\t\t\t\t\t\t\t\t\t\t\t\t\t\t\t\t\t\t\t\t<li><i class=\"far fa-comments\"><\/i>0 Comments<\/li>\n\t\t\t\t\t\t\t\t\t\t\t\t\t\t\t\t\t\t\t\t\t\t\t\t\t<\/ul>\n\t\t\t\t\t\t\t\t\t\t\t<\/div>\n\t\t\t\t\t\t\t\t\t\t\t\t\t\t\t\t\t        <\/div>\n\t\t\t\t\t\t\t\t<\/div>\n\t\t\t\t\t\t\t<\/article>\n\t\t\t\t\t\t<\/div>\n\t\t\t\t   \t\t\t\t\t\t<div class=\"col-lg-4 col-md-6 blog-shortcode\">\n\t\t\t\t\t\t\t<article id=\"post-227\" class=\"post-227 post type-post status-publish format-standard has-post-thumbnail hentry category-partners tag-business tag-feature tag-web\">\n\t\t\t\t\t\t\t   <div class=\"blog-post-item bp-style-two v1\">\n\t\t\t\t\t\t\t      \t\t\t\t\t\t\t\t         \t<div class=\"blog-post-thumb position-relative\">\n\t\t\t\t\t\t\t            \t<a href=\"https:\/\/tusmec.com\/index.php\/2023\/01\/01\/technology-allows-profit-to-serve-the-community-2\/\"><img loading=\"lazy\" decoding=\"async\" width=\"770\" height=\"460\" src=\"https:\/\/tusmec.com\/wp-content\/uploads\/2023\/01\/06_blog-770x460.jpg\" class=\"attachment-spondtech-770-460 size-spondtech-770-460 wp-post-image\" alt=\"\" \/><\/a>\n\t\t\t\t\t\t\t            \t\t\t\t\t\t\t\t\t            \t<span class=\"tag categories-info\"><a href=\"https:\/\/tusmec.com\/index.php\/category\/partners\/\" rel=\"category tag\">Partners<\/a><\/span>\n\t\t\t\t\t\t\t\t            \t\t\t\t\t\t\t        \t<\/div>\n\t\t\t\t\t\t         \t\t\t\t\t\t\t\t        <div class=\"blog-post-content\">\n\t\t\t\t\t\t               \t\t\t\t\t\t\t\t\t            <div class=\"post-date\">\n\t\t\t\t\t\t\t\t\t            <span><i class=\"fas fa-calendar-alt\"><\/i>1 Ocak 2023<\/span>\n\t\t\t\t\t\t\t\t            <\/div>\n\t\t\t\t\t\t\t\t        \t\t\t\t\t\t\t\t\t\t<h2 class=\"title\"><a href=\"https:\/\/tusmec.com\/index.php\/2023\/01\/01\/technology-allows-profit-to-serve-the-community-2\/\">Design in Marketing solutions is very important equipment<\/a><\/h2>\n\t\t\t\t\t\t\t\t\t\t\t\t\t\t\t\t\t\t\t\t\t<div class=\"blog-meta\">\n\t\t\t\t\t\t\t\t\t\t\t\t<ul class=\"list-wrap\">\n\t\t\t\t\t\t\t\t\t\t\t\t\t\t\t\t\t\t\t\t\t\t\t\t\t\t\t<li><i class=\"far fa-user\"><\/i>By <a href=\"https:\/\/tusmec.com\/index.php\/author\/ersinn-torungmail-com\/\" title=\"ersinn.torun@gmail.com taraf\u0131ndan yaz\u0131lan yaz\u0131lar\" rel=\"author\">ersinn.torun@gmail.com<\/a><\/li>\n\t\t\t\t\t\t\t\t\t\t\t\t\t\t\t\t\t\t\t\t\t\t\t\t\t\t\t\t\t\t\t\t\t\t\t\t\t\t\t\t<li><i class=\"far fa-comments\"><\/i>0 Comments<\/li>\n\t\t\t\t\t\t\t\t\t\t\t\t\t\t\t\t\t\t\t\t\t\t\t\t\t<\/ul>\n\t\t\t\t\t\t\t\t\t\t\t<\/div>\n\t\t\t\t\t\t\t\t\t\t\t\t\t\t\t\t\t        <\/div>\n\t\t\t\t\t\t\t\t<\/div>\n\t\t\t\t\t\t\t<\/article>\n\t\t\t\t\t\t<\/div>\n\t\t\t\t   \t\t\t\t\t\t<div class=\"col-lg-4 col-md-6 blog-shortcode\">\n\t\t\t\t\t\t\t<article id=\"post-1427\" class=\"post-1427 post type-post status-publish format-standard has-post-thumbnail hentry category-digital tag-design tag-tech tag-web\">\n\t\t\t\t\t\t\t   <div class=\"blog-post-item bp-style-two v1\">\n\t\t\t\t\t\t\t      \t\t\t\t\t\t\t\t         \t<div class=\"blog-post-thumb position-relative\">\n\t\t\t\t\t\t\t            \t<a href=\"https:\/\/tusmec.com\/index.php\/2023\/01\/01\/5-ways-technology-has-improved-business-today\/\"><img loading=\"lazy\" decoding=\"async\" width=\"770\" height=\"460\" src=\"https:\/\/tusmec.com\/wp-content\/uploads\/2023\/02\/07_blog-770x460.jpg\" class=\"attachment-spondtech-770-460 size-spondtech-770-460 wp-post-image\" alt=\"\" \/><\/a>\n\t\t\t\t\t\t\t            \t\t\t\t\t\t\t\t\t            \t<span class=\"tag categories-info\"><a href=\"https:\/\/tusmec.com\/index.php\/category\/digital\/\" rel=\"category tag\">Digital<\/a><\/span>\n\t\t\t\t\t\t\t\t            \t\t\t\t\t\t\t        \t<\/div>\n\t\t\t\t\t\t         \t\t\t\t\t\t\t\t        <div class=\"blog-post-content\">\n\t\t\t\t\t\t               \t\t\t\t\t\t\t\t\t            <div class=\"post-date\">\n\t\t\t\t\t\t\t\t\t            <span><i class=\"fas fa-calendar-alt\"><\/i>1 Ocak 2023<\/span>\n\t\t\t\t\t\t\t\t            <\/div>\n\t\t\t\t\t\t\t\t        \t\t\t\t\t\t\t\t\t\t<h2 class=\"title\"><a href=\"https:\/\/tusmec.com\/index.php\/2023\/01\/01\/5-ways-technology-has-improved-business-today\/\">5 Ways Technology Has Improved Business Today<\/a><\/h2>\n\t\t\t\t\t\t\t\t\t\t\t\t\t\t\t\t\t\t\t\t\t<div class=\"blog-meta\">\n\t\t\t\t\t\t\t\t\t\t\t\t<ul class=\"list-wrap\">\n\t\t\t\t\t\t\t\t\t\t\t\t\t\t\t\t\t\t\t\t\t\t\t\t\t\t\t<li><i class=\"far fa-user\"><\/i>By <a href=\"https:\/\/tusmec.com\/index.php\/author\/ersinn-torungmail-com\/\" title=\"ersinn.torun@gmail.com taraf\u0131ndan yaz\u0131lan yaz\u0131lar\" rel=\"author\">ersinn.torun@gmail.com<\/a><\/li>\n\t\t\t\t\t\t\t\t\t\t\t\t\t\t\t\t\t\t\t\t\t\t\t\t\t\t\t\t\t\t\t\t\t\t\t\t\t\t\t\t<li><i class=\"far fa-comments\"><\/i>0 Comments<\/li>\n\t\t\t\t\t\t\t\t\t\t\t\t\t\t\t\t\t\t\t\t\t\t\t\t\t<\/ul>\n\t\t\t\t\t\t\t\t\t\t\t<\/div>\n\t\t\t\t\t\t\t\t\t\t\t\t\t\t\t\t\t        <\/div>\n\t\t\t\t\t\t\t\t<\/div>\n\t\t\t\t\t\t\t<\/article>\n\t\t\t\t\t\t<\/div>\n\t\t\t\t   \t\t\t\t\t\t<div class=\"col-lg-4 col-md-6 blog-shortcode\">\n\t\t\t\t\t\t\t<article id=\"post-1432\" class=\"post-1432 post type-post status-publish format-standard has-post-thumbnail hentry category-partners tag-design tag-tech tag-web\">\n\t\t\t\t\t\t\t   <div class=\"blog-post-item bp-style-two v1\">\n\t\t\t\t\t\t\t      \t\t\t\t\t\t\t\t         \t<div class=\"blog-post-thumb position-relative\">\n\t\t\t\t\t\t\t            \t<a href=\"https:\/\/tusmec.com\/index.php\/2023\/01\/01\/ideas-for-high-returns-on-investment\/\"><img loading=\"lazy\" decoding=\"async\" width=\"770\" height=\"460\" src=\"https:\/\/tusmec.com\/wp-content\/uploads\/2023\/02\/10_blog-770x460.jpg\" class=\"attachment-spondtech-770-460 size-spondtech-770-460 wp-post-image\" alt=\"\" \/><\/a>\n\t\t\t\t\t\t\t            \t\t\t\t\t\t\t\t\t            \t<span class=\"tag categories-info\"><a href=\"https:\/\/tusmec.com\/index.php\/category\/partners\/\" rel=\"category tag\">Partners<\/a><\/span>\n\t\t\t\t\t\t\t\t            \t\t\t\t\t\t\t        \t<\/div>\n\t\t\t\t\t\t         \t\t\t\t\t\t\t\t        <div class=\"blog-post-content\">\n\t\t\t\t\t\t               \t\t\t\t\t\t\t\t\t            <div class=\"post-date\">\n\t\t\t\t\t\t\t\t\t            <span><i class=\"fas fa-calendar-alt\"><\/i>1 Ocak 2023<\/span>\n\t\t\t\t\t\t\t\t            <\/div>\n\t\t\t\t\t\t\t\t        \t\t\t\t\t\t\t\t\t\t<h2 class=\"title\"><a href=\"https:\/\/tusmec.com\/index.php\/2023\/01\/01\/ideas-for-high-returns-on-investment\/\">Ideas for High Returns on Investment<\/a><\/h2>\n\t\t\t\t\t\t\t\t\t\t\t\t\t\t\t\t\t\t\t\t\t<div class=\"blog-meta\">\n\t\t\t\t\t\t\t\t\t\t\t\t<ul class=\"list-wrap\">\n\t\t\t\t\t\t\t\t\t\t\t\t\t\t\t\t\t\t\t\t\t\t\t\t\t\t\t<li><i class=\"far fa-user\"><\/i>By <a href=\"https:\/\/tusmec.com\/index.php\/author\/ersinn-torungmail-com\/\" title=\"ersinn.torun@gmail.com taraf\u0131ndan yaz\u0131lan yaz\u0131lar\" rel=\"author\">ersinn.torun@gmail.com<\/a><\/li>\n\t\t\t\t\t\t\t\t\t\t\t\t\t\t\t\t\t\t\t\t\t\t\t\t\t\t\t\t\t\t\t\t\t\t\t\t\t\t\t\t<li><i class=\"far fa-comments\"><\/i>0 Comments<\/li>\n\t\t\t\t\t\t\t\t\t\t\t\t\t\t\t\t\t\t\t\t\t\t\t\t\t<\/ul>\n\t\t\t\t\t\t\t\t\t\t\t<\/div>\n\t\t\t\t\t\t\t\t\t\t\t\t\t\t\t\t\t        <\/div>\n\t\t\t\t\t\t\t\t<\/div>\n\t\t\t\t\t\t\t<\/article>\n\t\t\t\t\t\t<\/div>\n\t\t\t\t   \t\t\t\t\t\t<div class=\"col-lg-4 col-md-6 blog-shortcode\">\n\t\t\t\t\t\t\t<article id=\"post-1435\" class=\"post-1435 post type-post status-publish format-standard has-post-thumbnail hentry category-tips tag-design tag-tech tag-web\">\n\t\t\t\t\t\t\t   <div class=\"blog-post-item bp-style-two v1\">\n\t\t\t\t\t\t\t      \t\t\t\t\t\t\t\t         \t<div class=\"blog-post-thumb position-relative\">\n\t\t\t\t\t\t\t            \t<a href=\"https:\/\/tusmec.com\/index.php\/2023\/01\/01\/proactive-customer-at-experience-in-idea\/\"><img loading=\"lazy\" decoding=\"async\" width=\"770\" height=\"460\" src=\"https:\/\/tusmec.com\/wp-content\/uploads\/2023\/02\/08_blog-770x460.jpg\" class=\"attachment-spondtech-770-460 size-spondtech-770-460 wp-post-image\" alt=\"\" \/><\/a>\n\t\t\t\t\t\t\t            \t\t\t\t\t\t\t\t\t            \t<span class=\"tag categories-info\"><a href=\"https:\/\/tusmec.com\/index.php\/category\/tips\/\" rel=\"category tag\">Tips<\/a><\/span>\n\t\t\t\t\t\t\t\t            \t\t\t\t\t\t\t        \t<\/div>\n\t\t\t\t\t\t         \t\t\t\t\t\t\t\t        <div class=\"blog-post-content\">\n\t\t\t\t\t\t               \t\t\t\t\t\t\t\t\t            <div class=\"post-date\">\n\t\t\t\t\t\t\t\t\t            <span><i class=\"fas fa-calendar-alt\"><\/i>1 Ocak 2023<\/span>\n\t\t\t\t\t\t\t\t            <\/div>\n\t\t\t\t\t\t\t\t        \t\t\t\t\t\t\t\t\t\t<h2 class=\"title\"><a href=\"https:\/\/tusmec.com\/index.php\/2023\/01\/01\/proactive-customer-at-experience-in-idea\/\">Proactive Customer at Experience in idea<\/a><\/h2>\n\t\t\t\t\t\t\t\t\t\t\t\t\t\t\t\t\t\t\t\t\t<div class=\"blog-meta\">\n\t\t\t\t\t\t\t\t\t\t\t\t<ul class=\"list-wrap\">\n\t\t\t\t\t\t\t\t\t\t\t\t\t\t\t\t\t\t\t\t\t\t\t\t\t\t\t<li><i class=\"far fa-user\"><\/i>By <a href=\"https:\/\/tusmec.com\/index.php\/author\/ersinn-torungmail-com\/\" title=\"ersinn.torun@gmail.com taraf\u0131ndan yaz\u0131lan yaz\u0131lar\" rel=\"author\">ersinn.torun@gmail.com<\/a><\/li>\n\t\t\t\t\t\t\t\t\t\t\t\t\t\t\t\t\t\t\t\t\t\t\t\t\t\t\t\t\t\t\t\t\t\t\t\t\t\t\t\t<li><i class=\"far fa-comments\"><\/i>0 Comments<\/li>\n\t\t\t\t\t\t\t\t\t\t\t\t\t\t\t\t\t\t\t\t\t\t\t\t\t<\/ul>\n\t\t\t\t\t\t\t\t\t\t\t<\/div>\n\t\t\t\t\t\t\t\t\t\t\t\t\t\t\t\t\t        <\/div>\n\t\t\t\t\t\t\t\t<\/div>\n\t\t\t\t\t\t\t<\/article>\n\t\t\t\t\t\t<\/div>\n\t\t\t\t   \t\t\t\t\t\t\t<\/div>\n\t\t\t\t\t\t<\/div>\n\t\t\t\t<\/div>\n\t\t\t\t\t<\/div>\n\t\t<\/div>\n\t\t\t\t\t<\/div>\n\t\t<\/section>\n\t\t\t\t<\/div>\n\t\t","protected":false},"excerpt":{"rendered":"<p>Digital January 1, 2023 Technology allows profit to serve the community By Admin 1 Comment Tips January 1, 2023 Make life by what you an give in future By Admin 0 Comments Quick Tips January 1, 2023 Tip for Promotng Your Business and Creating By Admin 0 Comments Digital January 1, 2023 Designing For Smartphone [&hellip;]<\/p>\n","protected":false},"author":1,"featured_media":0,"parent":0,"menu_order":0,"comment_status":"closed","ping_status":"closed","template":"page-template\/blank-page-sidebar.php","meta":{"footnotes":""},"class_list":["post-660","page","type-page","status-publish","hentry"],"_links":{"self":[{"href":"https:\/\/tusmec.com\/index.php\/wp-json\/wp\/v2\/pages\/660","targetHints":{"allow":["GET"]}}],"collection":[{"href":"https:\/\/tusmec.com\/index.php\/wp-json\/wp\/v2\/pages"}],"about":[{"href":"https:\/\/tusmec.com\/index.php\/wp-json\/wp\/v2\/types\/page"}],"author":[{"embeddable":true,"href":"https:\/\/tusmec.com\/index.php\/wp-json\/wp\/v2\/users\/1"}],"replies":[{"embeddable":true,"href":"https:\/\/tusmec.com\/index.php\/wp-json\/wp\/v2\/comments?post=660"}],"version-history":[{"count":0,"href":"https:\/\/tusmec.com\/index.php\/wp-json\/wp\/v2\/pages\/660\/revisions"}],"wp:attachment":[{"href":"https:\/\/tusmec.com\/index.php\/wp-json\/wp\/v2\/media?parent=660"}],"curies":[{"name":"wp","href":"https:\/\/api.w.org\/{rel}","templated":true}]}}